{"id":980,"date":"2024-01-11T22:24:24","date_gmt":"2024-01-11T22:24:24","guid":{"rendered":"https:\/\/lipskitravauxdubatiment.fr\/?page_id=980"},"modified":"2024-01-13T16:43:35","modified_gmt":"2024-01-13T16:43:35","slug":"introduction","status":"publish","type":"page","link":"https:\/\/lipskitravauxdubatiment.fr\/?page_id=980","title":{"rendered":"Cl\u00f4tures : Solutions de D\u00e9limitation Personnalis\u00e9es"},"content":{"rendered":"\n<div class=\"wp-block-uagb-advanced-heading uagb-block-de39e9ec\"><h2 class=\"uagb-heading-text\">Introduction<\/h2><\/div>\n\n\n\n<p>Bienvenue dans notre section d\u00e9di\u00e9e aux services de Grillage, Mur en Pierre et Cl\u00f4ture en M\u00e9tal et Aluminium chez <strong><a href=\"https:\/\/lipskitravauxdubatiment.fr\" title=\"\">Lipski Travaux du B\u00e2timent<\/a><\/strong>. Nous nous sp\u00e9cialisons dans la cr\u00e9ation de solutions de d\u00e9limitation sur mesure pour r\u00e9pondre \u00e0 vos besoins sp\u00e9cifiques tout en alliant fonctionnalit\u00e9 et esth\u00e9tisme.<\/p>\n\n\n\n<h2 class=\"wp-block-heading\">Nos Services<\/h2>\n\n\n\n<div class=\"wp-block-uagb-slider uagb-block-17425281 uagb-slider-container\"><div class=\"uagb-slides uagb-swiper\"><div class=\"swiper-wrapper\">\n<div class=\"wp-block-uagb-slider-child uagb-slider-child-wrap swiper-slide uagb-block-c38b7aca\"><div class=\"swiper-content\">\n<div class=\"wp-block-uagb-container uagb-block-7d0dcbdd alignfull uagb-is-root-container\"><div class=\"uagb-container-inner-blocks-wrap\">\n<div class=\"wp-block-uagb-info-box uagb-block-4470da20 uagb-infobox__content-wrap  uagb-infobox-icon-above-title uagb-infobox-image-valign-top\"><div class=\"uagb-ifb-content\"><div class=\"uagb-ifb-icon-wrap\"><svg xmlns=\"https:\/\/www.w3.org\/2000\/svg\" viewBox=\"0 0 512 512\"><path d=\"M0 256C0 114.6 114.6 0 256 0C397.4 0 512 114.6 512 256C512 397.4 397.4 512 256 512C114.6 512 0 397.4 0 256zM371.8 211.8C382.7 200.9 382.7 183.1 371.8 172.2C360.9 161.3 343.1 161.3 332.2 172.2L224 280.4L179.8 236.2C168.9 225.3 151.1 225.3 140.2 236.2C129.3 247.1 129.3 264.9 140.2 275.8L204.2 339.8C215.1 350.7 232.9 350.7 243.8 339.8L371.8 211.8z\"><\/path><\/svg><\/div><div class=\"uagb-ifb-title-wrap\"><h3 class=\"uagb-ifb-title\"><strong>Grillage Durable<\/strong><\/h3><\/div><p class=\"uagb-ifb-desc\">Optez pour la simplicit\u00e9 et la durabilit\u00e9 avec nos services de grillage. Nous proposons des options de grillage robustes pour d\u00e9limiter votre propri\u00e9t\u00e9, garantissant une protection efficace tout en pr\u00e9servant la visibilit\u00e9.<\/p><div class=\"uagb-ifb-button-wrapper wp-block-button\"><a href=\"#\" class=\"uagb-infobox-cta-link wp-block-button__link\" target=\"_self\" rel=\"noopener noreferrer\" onclick=\"return false;\" alt=\"\"><span class=\"uagb-inline-editing\">Lire la suite<\/span><\/a><\/div><\/div><\/div>\n<\/div><\/div>\n<\/div><\/div>\n\n\n\n<div class=\"wp-block-uagb-slider-child uagb-slider-child-wrap swiper-slide uagb-block-972b947e\"><div class=\"swiper-content\">\n<div class=\"wp-block-uagb-container uagb-block-65dee084 alignfull uagb-is-root-container\"><div class=\"uagb-container-inner-blocks-wrap\">\n<div class=\"wp-block-uagb-info-box uagb-block-717d7f75 uagb-infobox__content-wrap  uagb-infobox-icon-above-title uagb-infobox-image-valign-top\"><div class=\"uagb-ifb-content\"><div class=\"uagb-ifb-icon-wrap\"><svg xmlns=\"https:\/\/www.w3.org\/2000\/svg\" viewBox=\"0 0 512 512\"><path d=\"M0 256C0 114.6 114.6 0 256 0C397.4 0 512 114.6 512 256C512 397.4 397.4 512 256 512C114.6 512 0 397.4 0 256zM371.8 211.8C382.7 200.9 382.7 183.1 371.8 172.2C360.9 161.3 343.1 161.3 332.2 172.2L224 280.4L179.8 236.2C168.9 225.3 151.1 225.3 140.2 236.2C129.3 247.1 129.3 264.9 140.2 275.8L204.2 339.8C215.1 350.7 232.9 350.7 243.8 339.8L371.8 211.8z\"><\/path><\/svg><\/div><div class=\"uagb-ifb-title-wrap\"><h3 class=\"uagb-ifb-title\"><strong>Mur en Pierre<\/strong><\/h3><\/div><p class=\"uagb-ifb-desc\">Cr\u00e9ez des s\u00e9parations claires et \u00e9l\u00e9gantes avec nos murs en pierre. Que vous cherchiez \u00e0 d\u00e9limiter des espaces dans votre jardin ou \u00e0 structurer des zones sp\u00e9cifiques, nos murs offrent une solution solide et esth\u00e9tique.<\/p><div class=\"uagb-ifb-button-wrapper wp-block-button\"><a href=\"#\" class=\"uagb-infobox-cta-link wp-block-button__link\" target=\"_self\" rel=\"noopener noreferrer\" onclick=\"return false;\" alt=\"\"><span class=\"uagb-inline-editing\">Lire la suite<\/span><\/a><\/div><\/div><\/div>\n<\/div><\/div>\n<\/div><\/div>\n\n\n\n<div class=\"wp-block-uagb-slider-child uagb-slider-child-wrap swiper-slide uagb-block-8ff94578\"><div class=\"swiper-content\">\n<div class=\"wp-block-uagb-container uagb-block-ba436521 alignfull uagb-is-root-container\"><div class=\"uagb-container-inner-blocks-wrap\">\n<div class=\"wp-block-uagb-info-box uagb-block-880eb8fc uagb-infobox__content-wrap  uagb-infobox-icon-above-title uagb-infobox-image-valign-top\"><div class=\"uagb-ifb-content\"><div class=\"uagb-ifb-icon-wrap\"><svg xmlns=\"https:\/\/www.w3.org\/2000\/svg\" viewBox=\"0 0 512 512\"><path d=\"M0 256C0 114.6 114.6 0 256 0C397.4 0 512 114.6 512 256C512 397.4 397.4 512 256 512C114.6 512 0 397.4 0 256zM371.8 211.8C382.7 200.9 382.7 183.1 371.8 172.2C360.9 161.3 343.1 161.3 332.2 172.2L224 280.4L179.8 236.2C168.9 225.3 151.1 225.3 140.2 236.2C129.3 247.1 129.3 264.9 140.2 275.8L204.2 339.8C215.1 350.7 232.9 350.7 243.8 339.8L371.8 211.8z\"><\/path><\/svg><\/div><div class=\"uagb-ifb-title-wrap\"><h3 class=\"uagb-ifb-title\"><strong>Cl\u00f4ture en M\u00e9tal et Aluminium<\/strong><\/h3><\/div><p class=\"uagb-ifb-desc\">Pour une combinaison de r\u00e9sistance et de sophistication, nos cl\u00f4tures en m\u00e9tal et aluminium sont la solution id\u00e9ale. Personnalisez le design pour qu&rsquo;il s&rsquo;harmonise avec l&rsquo;esth\u00e9tique de votre propri\u00e9t\u00e9 tout en b\u00e9n\u00e9ficiant de la durabilit\u00e9 de ces mat\u00e9riaux.<\/p><div class=\"uagb-ifb-button-wrapper wp-block-button\"><a href=\"#\" class=\"uagb-infobox-cta-link wp-block-button__link\" target=\"_self\" rel=\"noopener noreferrer\" onclick=\"return false;\" alt=\"\"><span class=\"uagb-inline-editing\">Lire la suite<\/span><\/a><\/div><\/div><\/div>\n<\/div><\/div>\n<\/div><\/div>\n<\/div><\/div><div class=\"swiper-pagination\"><\/div><div class=\"swiper-button-prev\"><\/div><div class=\"swiper-button-next\"><\/div><\/div>\n\n\n\n<p><\/p>\n\n\n\n<div class=\"wp-block-jetpack-tiled-gallery aligncenter is-style-rectangular\"><div class=\"tiled-gallery__gallery\"><div class=\"tiled-gallery__row\"><div class=\"tiled-gallery__col\" style=\"flex-basis:33.32908%\"><figure class=\"tiled-gallery__item\"><img decoding=\"async\" data-attachment-id=\"981\" data-permalink=\"https:\/\/lipskitravauxdubatiment.fr\/?attachment_id=981\" data-orig-file=\"https:\/\/i0.wp.com\/lipskitravauxdubatiment.fr\/wp-content\/uploads\/2024\/01\/IMG20210409155225-1-scaled.jpg?fit=1920%2C2560&amp;ssl=1\" data-orig-size=\"1920,2560\" data-comments-opened=\"0\" data-image-meta=\"{&quot;aperture&quot;:&quot;1.8&quot;,&quot;credit&quot;:&quot;&quot;,&quot;camera&quot;:&quot;OPPO A9 2020&quot;,&quot;caption&quot;:&quot;&quot;,&quot;created_timestamp&quot;:&quot;1617983545&quot;,&quot;copyright&quot;:&quot;&quot;,&quot;focal_length&quot;:&quot;4.05&quot;,&quot;iso&quot;:&quot;100&quot;,&quot;shutter_speed&quot;:&quot;0.004947&quot;,&quot;title&quot;:&quot;&quot;,&quot;orientation&quot;:&quot;1&quot;}\" data-image-title=\"IMG20210409155225-1\" data-image-description=\"\" data-image-caption=\"\" data-large-file=\"https:\/\/i0.wp.com\/lipskitravauxdubatiment.fr\/wp-content\/uploads\/2024\/01\/IMG20210409155225-1-scaled.jpg?fit=768%2C1024&amp;ssl=1\" data-attachment-id=\"981\" data-permalink=\"https:\/\/lipskitravauxdubatiment.fr\/?attachment_id=981\" data-orig-file=\"https:\/\/i0.wp.com\/lipskitravauxdubatiment.fr\/wp-content\/uploads\/2024\/01\/IMG20210409155225-1-scaled.jpg?fit=1920%2C2560&amp;ssl=1\" data-orig-size=\"1920,2560\" data-comments-opened=\"0\" data-image-meta=\"{&quot;aperture&quot;:&quot;1.8&quot;,&quot;credit&quot;:&quot;&quot;,&quot;camera&quot;:&quot;OPPO A9 2020&quot;,&quot;caption&quot;:&quot;&quot;,&quot;created_timestamp&quot;:&quot;1617983545&quot;,&quot;copyright&quot;:&quot;&quot;,&quot;focal_length&quot;:&quot;4.05&quot;,&quot;iso&quot;:&quot;100&quot;,&quot;shutter_speed&quot;:&quot;0.004947&quot;,&quot;title&quot;:&quot;&quot;,&quot;orientation&quot;:&quot;1&quot;}\" data-image-title=\"IMG20210409155225-1\" data-image-description=\"\" data-image-caption=\"\" data-large-file=\"https:\/\/i0.wp.com\/lipskitravauxdubatiment.fr\/wp-content\/uploads\/2024\/01\/IMG20210409155225-1-scaled.jpg?fit=768%2C1024&amp;ssl=1\" role=\"button\" tabindex=\"0\" aria-label=\"Ouvrir l\u2019image 1 sur 3 en plein \u00e9cran\"srcset=\"https:\/\/i1.wp.com\/lipskitravauxdubatiment.fr\/wp-content\/uploads\/2024\/01\/IMG20210409155225-1-768x1024.jpg?strip=info&#038;w=600&#038;ssl=1 600w,https:\/\/i1.wp.com\/lipskitravauxdubatiment.fr\/wp-content\/uploads\/2024\/01\/IMG20210409155225-1-768x1024.jpg?strip=info&#038;w=900&#038;ssl=1 900w,https:\/\/i1.wp.com\/lipskitravauxdubatiment.fr\/wp-content\/uploads\/2024\/01\/IMG20210409155225-1-768x1024.jpg?strip=info&#038;w=1200&#038;ssl=1 1200w,https:\/\/i1.wp.com\/lipskitravauxdubatiment.fr\/wp-content\/uploads\/2024\/01\/IMG20210409155225-1-768x1024.jpg?strip=info&#038;w=1500&#038;ssl=1 1500w,https:\/\/i1.wp.com\/lipskitravauxdubatiment.fr\/wp-content\/uploads\/2024\/01\/IMG20210409155225-1-768x1024.jpg?strip=info&#038;w=1800&#038;ssl=1 1800w,https:\/\/i1.wp.com\/lipskitravauxdubatiment.fr\/wp-content\/uploads\/2024\/01\/IMG20210409155225-1-768x1024.jpg?strip=info&#038;w=1920&#038;ssl=1 1920w\" alt=\"\" data-height=\"2560\" data-id=\"981\" data-link=\"https:\/\/lipskitravauxdubatiment.fr\/?attachment_id=981\" data-url=\"https:\/\/lipskitravauxdubatiment.fr\/wp-content\/uploads\/2024\/01\/IMG20210409155225-1-768x1024.jpg\" data-width=\"1920\" src=\"https:\/\/i1.wp.com\/lipskitravauxdubatiment.fr\/wp-content\/uploads\/2024\/01\/IMG20210409155225-1-768x1024.jpg?ssl=1\" data-amp-layout=\"responsive\"\/><\/figure><\/div><div class=\"tiled-gallery__col\" style=\"flex-basis:33.32908%\"><figure class=\"tiled-gallery__item\"><img decoding=\"async\" data-attachment-id=\"983\" data-permalink=\"https:\/\/lipskitravauxdubatiment.fr\/?attachment_id=983\" data-orig-file=\"https:\/\/i0.wp.com\/lipskitravauxdubatiment.fr\/wp-content\/uploads\/2024\/01\/IMG20210217175554-scaled.jpg?fit=1920%2C2560&amp;ssl=1\" data-orig-size=\"1920,2560\" data-comments-opened=\"0\" data-image-meta=\"{&quot;aperture&quot;:&quot;1.8&quot;,&quot;credit&quot;:&quot;&quot;,&quot;camera&quot;:&quot;OPPO A9 2020&quot;,&quot;caption&quot;:&quot;&quot;,&quot;created_timestamp&quot;:&quot;1613584554&quot;,&quot;copyright&quot;:&quot;&quot;,&quot;focal_length&quot;:&quot;4.05&quot;,&quot;iso&quot;:&quot;100&quot;,&quot;shutter_speed&quot;:&quot;0.00675&quot;,&quot;title&quot;:&quot;&quot;,&quot;orientation&quot;:&quot;1&quot;}\" data-image-title=\"IMG20210217175554\" data-image-description=\"\" data-image-caption=\"\" data-large-file=\"https:\/\/i0.wp.com\/lipskitravauxdubatiment.fr\/wp-content\/uploads\/2024\/01\/IMG20210217175554-scaled.jpg?fit=768%2C1024&amp;ssl=1\" data-attachment-id=\"983\" data-permalink=\"https:\/\/lipskitravauxdubatiment.fr\/?attachment_id=983\" data-orig-file=\"https:\/\/i0.wp.com\/lipskitravauxdubatiment.fr\/wp-content\/uploads\/2024\/01\/IMG20210217175554-scaled.jpg?fit=1920%2C2560&amp;ssl=1\" data-orig-size=\"1920,2560\" data-comments-opened=\"0\" data-image-meta=\"{&quot;aperture&quot;:&quot;1.8&quot;,&quot;credit&quot;:&quot;&quot;,&quot;camera&quot;:&quot;OPPO A9 2020&quot;,&quot;caption&quot;:&quot;&quot;,&quot;created_timestamp&quot;:&quot;1613584554&quot;,&quot;copyright&quot;:&quot;&quot;,&quot;focal_length&quot;:&quot;4.05&quot;,&quot;iso&quot;:&quot;100&quot;,&quot;shutter_speed&quot;:&quot;0.00675&quot;,&quot;title&quot;:&quot;&quot;,&quot;orientation&quot;:&quot;1&quot;}\" data-image-title=\"IMG20210217175554\" data-image-description=\"\" data-image-caption=\"\" data-large-file=\"https:\/\/i0.wp.com\/lipskitravauxdubatiment.fr\/wp-content\/uploads\/2024\/01\/IMG20210217175554-scaled.jpg?fit=768%2C1024&amp;ssl=1\" role=\"button\" tabindex=\"0\" aria-label=\"Ouvrir l\u2019image 2 sur 3 en plein \u00e9cran\"srcset=\"https:\/\/i2.wp.com\/lipskitravauxdubatiment.fr\/wp-content\/uploads\/2024\/01\/IMG20210217175554-768x1024.jpg?strip=info&#038;w=600&#038;ssl=1 600w,https:\/\/i2.wp.com\/lipskitravauxdubatiment.fr\/wp-content\/uploads\/2024\/01\/IMG20210217175554-768x1024.jpg?strip=info&#038;w=900&#038;ssl=1 900w,https:\/\/i2.wp.com\/lipskitravauxdubatiment.fr\/wp-content\/uploads\/2024\/01\/IMG20210217175554-768x1024.jpg?strip=info&#038;w=1200&#038;ssl=1 1200w,https:\/\/i2.wp.com\/lipskitravauxdubatiment.fr\/wp-content\/uploads\/2024\/01\/IMG20210217175554-768x1024.jpg?strip=info&#038;w=1500&#038;ssl=1 1500w,https:\/\/i2.wp.com\/lipskitravauxdubatiment.fr\/wp-content\/uploads\/2024\/01\/IMG20210217175554-768x1024.jpg?strip=info&#038;w=1800&#038;ssl=1 1800w,https:\/\/i2.wp.com\/lipskitravauxdubatiment.fr\/wp-content\/uploads\/2024\/01\/IMG20210217175554-768x1024.jpg?strip=info&#038;w=1920&#038;ssl=1 1920w\" alt=\"\" data-height=\"2560\" data-id=\"983\" data-link=\"https:\/\/lipskitravauxdubatiment.fr\/?attachment_id=983\" data-url=\"https:\/\/lipskitravauxdubatiment.fr\/wp-content\/uploads\/2024\/01\/IMG20210217175554-768x1024.jpg\" data-width=\"1920\" src=\"https:\/\/i2.wp.com\/lipskitravauxdubatiment.fr\/wp-content\/uploads\/2024\/01\/IMG20210217175554-768x1024.jpg?ssl=1\" data-amp-layout=\"responsive\"\/><\/figure><\/div><div class=\"tiled-gallery__col\" style=\"flex-basis:33.34183%\"><figure class=\"tiled-gallery__item\"><img decoding=\"async\" data-attachment-id=\"984\" data-permalink=\"https:\/\/lipskitravauxdubatiment.fr\/?attachment_id=984\" data-orig-file=\"https:\/\/i0.wp.com\/lipskitravauxdubatiment.fr\/wp-content\/uploads\/2024\/01\/IMG20220415112028-3.jpg?fit=652%2C869&amp;ssl=1\" data-orig-size=\"652,869\" data-comments-opened=\"0\" data-image-meta=\"{&quot;aperture&quot;:&quot;0&quot;,&quot;credit&quot;:&quot;&quot;,&quot;camera&quot;:&quot;&quot;,&quot;caption&quot;:&quot;&quot;,&quot;created_timestamp&quot;:&quot;0&quot;,&quot;copyright&quot;:&quot;&quot;,&quot;focal_length&quot;:&quot;0&quot;,&quot;iso&quot;:&quot;0&quot;,&quot;shutter_speed&quot;:&quot;0&quot;,&quot;title&quot;:&quot;&quot;,&quot;orientation&quot;:&quot;0&quot;}\" data-image-title=\"IMG20220415112028-3\" data-image-description=\"\" data-image-caption=\"\" data-large-file=\"https:\/\/i0.wp.com\/lipskitravauxdubatiment.fr\/wp-content\/uploads\/2024\/01\/IMG20220415112028-3.jpg?fit=652%2C869&amp;ssl=1\" data-attachment-id=\"984\" data-permalink=\"https:\/\/lipskitravauxdubatiment.fr\/?attachment_id=984\" data-orig-file=\"https:\/\/i0.wp.com\/lipskitravauxdubatiment.fr\/wp-content\/uploads\/2024\/01\/IMG20220415112028-3.jpg?fit=652%2C869&amp;ssl=1\" data-orig-size=\"652,869\" data-comments-opened=\"0\" data-image-meta=\"{&quot;aperture&quot;:&quot;0&quot;,&quot;credit&quot;:&quot;&quot;,&quot;camera&quot;:&quot;&quot;,&quot;caption&quot;:&quot;&quot;,&quot;created_timestamp&quot;:&quot;0&quot;,&quot;copyright&quot;:&quot;&quot;,&quot;focal_length&quot;:&quot;0&quot;,&quot;iso&quot;:&quot;0&quot;,&quot;shutter_speed&quot;:&quot;0&quot;,&quot;title&quot;:&quot;&quot;,&quot;orientation&quot;:&quot;0&quot;}\" data-image-title=\"IMG20220415112028-3\" data-image-description=\"\" data-image-caption=\"\" data-large-file=\"https:\/\/i0.wp.com\/lipskitravauxdubatiment.fr\/wp-content\/uploads\/2024\/01\/IMG20220415112028-3.jpg?fit=652%2C869&amp;ssl=1\" role=\"button\" tabindex=\"0\" aria-label=\"Ouvrir l\u2019image 3 sur 3 en plein \u00e9cran\"srcset=\"https:\/\/i1.wp.com\/lipskitravauxdubatiment.fr\/wp-content\/uploads\/2024\/01\/IMG20220415112028-3.jpg?strip=info&#038;w=600&#038;ssl=1 600w,https:\/\/i1.wp.com\/lipskitravauxdubatiment.fr\/wp-content\/uploads\/2024\/01\/IMG20220415112028-3.jpg?strip=info&#038;w=652&#038;ssl=1 652w\" alt=\"\" data-height=\"869\" data-id=\"984\" data-link=\"https:\/\/lipskitravauxdubatiment.fr\/?attachment_id=984\" data-url=\"https:\/\/lipskitravauxdubatiment.fr\/wp-content\/uploads\/2024\/01\/IMG20220415112028-3.jpg\" data-width=\"652\" src=\"https:\/\/i1.wp.com\/lipskitravauxdubatiment.fr\/wp-content\/uploads\/2024\/01\/IMG20220415112028-3.jpg?ssl=1\" data-amp-layout=\"responsive\"\/><\/figure><\/div><\/div><\/div><\/div>\n\n\n\n<h3 class=\"wp-block-heading\">2. <strong>Mur en Pierre<\/strong><\/h3>\n\n\n\n<h2 class=\"wp-block-heading\">Qualit\u00e9 et Installation Professionnelle<\/h2>\n\n\n\n<p class=\"has-white-color has-black-background-color has-text-color has-background has-link-color wp-elements-7e3ae7b8d66c584cfa1014c00d18971c\">Nous mettons l&rsquo;accent sur la qualit\u00e9 de nos mat\u00e9riaux, qu&rsquo;il s&rsquo;agisse de grillage, de murs de division ou de cl\u00f4tures en m\u00e9tal et aluminium. Notre \u00e9quipe exp\u00e9riment\u00e9e assure une installation professionnelle pour garantir la solidit\u00e9 et la long\u00e9vit\u00e9 de chaque solution.<\/p>\n\n\n\n<h2 class=\"wp-block-heading\">Devis Personnalis\u00e9<\/h2>\n\n\n\n<p>Chaque projet de d\u00e9limitation est unique. Contactez-nous pour un devis personnalis\u00e9, afin que nous puissions comprendre vos besoins sp\u00e9cifiques et vous proposer des solutions sur mesure qui r\u00e9pondent \u00e0 vos attentes.<\/p>\n\n\n\n<p>Confiez la d\u00e9limitation de votre espace \u00e0<strong><a href=\"https:\/\/lipskitravauxdubatiment.fr\" title=\"\"> Lipski Travaux du B\u00e2timent<\/a><\/strong>  d\u00e8s aujourd&rsquo;hui pour discuter de vos projets de grillage, mur de division ou cl\u00f4ture en m\u00e9tal et aluminium, et d\u00e9couvrez comment nous pouvons personnaliser ces solutions pour r\u00e9pondre \u00e0 vos besoins.<\/p>\n\n\n\n<div class=\"wp-block-uagb-social-share uagb-social-share__outer-wrap uagb-social-share__layout-horizontal uagb-block-7c919c35\">\n<div class=\"wp-block-uagb-social-share-child uagb-ss-repeater uagb-ss__wrapper uagb-block-1ecca5f0\"><span class=\"uagb-ss__link\" data-href=\"https:\/\/www.facebook.com\/sharer.php?u=\" tabindex=\"0\" role=\"button\" aria-label=\"facebook\"><span class=\"uagb-ss__source-wrap\"><span class=\"uagb-ss__source-icon\"><svg xmlns=\"https:\/\/www.w3.org\/2000\/svg\" viewBox=\"0 0 512 512\"><path d=\"M504 256C504 119 393 8 256 8S8 119 8 256c0 123.8 90.69 226.4 209.3 245V327.7h-63V256h63v-54.64c0-62.15 37-96.48 93.67-96.48 27.14 0 55.52 4.84 55.52 4.84v61h-31.28c-30.8 0-40.41 19.12-40.41 38.73V256h68.78l-11 71.69h-57.78V501C413.3 482.4 504 379.8 504 256z\"><\/path><\/svg><\/span><\/span><\/span><\/div>\n\n\n\n<div class=\"wp-block-uagb-social-share-child uagb-ss-repeater uagb-ss__wrapper uagb-block-a4222b91\"><span class=\"uagb-ss__link\" data-href=\"https:\/\/twitter.com\/share?url=\" tabindex=\"0\" role=\"button\" aria-label=\"twitter\"><span class=\"uagb-ss__source-wrap\"><span class=\"uagb-ss__source-icon\"><svg xmlns=\"https:\/\/www.w3.org\/2000\/svg\" viewBox=\"0 0 448 512\"><path d=\"M400 32H48C21.5 32 0 53.5 0 80v352c0 26.5 21.5 48 48 48h352c26.5 0 48-21.5 48-48V80c0-26.5-21.5-48-48-48zm-48.9 158.8c.2 2.8 .2 5.7 .2 8.5 0 86.7-66 186.6-186.6 186.6-37.2 0-71.7-10.8-100.7-29.4 5.3 .6 10.4 .8 15.8 .8 30.7 0 58.9-10.4 81.4-28-28.8-.6-53-19.5-61.3-45.5 10.1 1.5 19.2 1.5 29.6-1.2-30-6.1-52.5-32.5-52.5-64.4v-.8c8.7 4.9 18.9 7.9 29.6 8.3a65.45 65.45 0 0 1 -29.2-54.6c0-12.2 3.2-23.4 8.9-33.1 32.3 39.8 80.8 65.8 135.2 68.6-9.3-44.5 24-80.6 64-80.6 18.9 0 35.9 7.9 47.9 20.7 14.8-2.8 29-8.3 41.6-15.8-4.9 15.2-15.2 28-28.8 36.1 13.2-1.4 26-5.1 37.8-10.2-8.9 13.1-20.1 24.7-32.9 34z\"><\/path><\/svg><\/span><\/span><\/span><\/div>\n\n\n\n<div class=\"wp-block-uagb-social-share-child uagb-ss-repeater uagb-ss__wrapper uagb-block-2476a929\"><span class=\"uagb-ss__link\" data-href=\"https:\/\/pinterest.com\/pin\/create\/link\/?url=\" tabindex=\"0\" role=\"button\" aria-label=\"pinterest\"><span class=\"uagb-ss__source-wrap\"><span class=\"uagb-ss__source-icon\"><svg xmlns=\"https:\/\/www.w3.org\/2000\/svg\" viewBox=\"0 0 448 512\"><path d=\"M448 80v352c0 26.5-21.5 48-48 48H154.4c9.8-16.4 22.4-40 27.4-59.3 3-11.5 15.3-58.4 15.3-58.4 8 15.3 31.4 28.2 56.3 28.2 74.1 0 127.4-68.1 127.4-152.7 0-81.1-66.2-141.8-151.4-141.8-106 0-162.2 71.1-162.2 148.6 0 36 19.2 80.8 49.8 95.1 4.7 2.2 7.1 1.2 8.2-3.3 .8-3.4 5-20.1 6.8-27.8 .6-2.5 .3-4.6-1.7-7-10.1-12.3-18.3-34.9-18.3-56 0-54.2 41-106.6 110.9-106.6 60.3 0 102.6 41.1 102.6 99.9 0 66.4-33.5 112.4-77.2 112.4-24.1 0-42.1-19.9-36.4-44.4 6.9-29.2 20.3-60.7 20.3-81.8 0-53-75.5-45.7-75.5 25 0 21.7 7.3 36.5 7.3 36.5-31.4 132.8-36.1 134.5-29.6 192.6l2.2 .8H48c-26.5 0-48-21.5-48-48V80c0-26.5 21.5-48 48-48h352c26.5 0 48 21.5 48 48z\"><\/path><\/svg><\/span><\/span><\/span><\/div>\n\n\n\n<div class=\"wp-block-uagb-social-share-child uagb-ss-repeater uagb-ss__wrapper uagb-block-028124fd\"><span class=\"uagb-ss__link\" data-href=\"https:\/\/www.linkedin.com\/shareArticle?url=\" tabindex=\"0\" role=\"button\" aria-label=\"linkedin\"><span class=\"uagb-ss__source-wrap\"><span class=\"uagb-ss__source-icon\"><svg xmlns=\"https:\/\/www.w3.org\/2000\/svg\" viewBox=\"0 0 448 512\"><path d=\"M416 32H31.9C14.3 32 0 46.5 0 64.3v383.4C0 465.5 14.3 480 31.9 480H416c17.6 0 32-14.5 32-32.3V64.3c0-17.8-14.4-32.3-32-32.3zM135.4 416H69V202.2h66.5V416zm-33.2-243c-21.3 0-38.5-17.3-38.5-38.5S80.9 96 102.2 96c21.2 0 38.5 17.3 38.5 38.5 0 21.3-17.2 38.5-38.5 38.5zm282.1 243h-66.4V312c0-24.8-.5-56.7-34.5-56.7-34.6 0-39.9 27-39.9 54.9V416h-66.4V202.2h63.7v29.2h.9c8.9-16.8 30.6-34.5 62.9-34.5 67.2 0 79.7 44.3 79.7 101.9V416z\"><\/path><\/svg><\/span><\/span><\/span><\/div>\n<\/div>\n","protected":false},"excerpt":{"rendered":"<p>Introduction Bienvenue dans notre section d\u00e9di\u00e9e aux services de Grillage, Mur en Pierre et Cl\u00f4ture en M\u00e9tal et Aluminium chez Lipski Travaux du B\u00e2timent. Nous nous sp\u00e9cialisons dans la cr\u00e9ation&hellip;<\/p>\n","protected":false},"author":1,"featured_media":973,"parent":0,"menu_order":0,"comment_status":"closed","ping_status":"closed","template":"","meta":{"om_disable_all_campaigns":false,"_uag_custom_page_level_css":"","_monsterinsights_skip_tracking":false,"_monsterinsights_sitenote_active":false,"_monsterinsights_sitenote_note":"","_monsterinsights_sitenote_category":0,"footnotes":""},"class_list":["post-980","page","type-page","status-publish","has-post-thumbnail","hentry"],"aioseo_notices":[],"uagb_featured_image_src":{"full":["https:\/\/i0.wp.com\/lipskitravauxdubatiment.fr\/wp-content\/uploads\/2024\/01\/IMG20220415112028-2.jpg?fit=652%2C869&ssl=1",652,869,false],"thumbnail":["https:\/\/i0.wp.com\/lipskitravauxdubatiment.fr\/wp-content\/uploads\/2024\/01\/IMG20220415112028-2.jpg?resize=150%2C150&ssl=1",150,150,true],"medium":["https:\/\/i0.wp.com\/lipskitravauxdubatiment.fr\/wp-content\/uploads\/2024\/01\/IMG20220415112028-2.jpg?fit=225%2C300&ssl=1",225,300,true],"medium_large":["https:\/\/i0.wp.com\/lipskitravauxdubatiment.fr\/wp-content\/uploads\/2024\/01\/IMG20220415112028-2.jpg?fit=652%2C869&ssl=1",652,869,true],"large":["https:\/\/i0.wp.com\/lipskitravauxdubatiment.fr\/wp-content\/uploads\/2024\/01\/IMG20220415112028-2.jpg?fit=652%2C869&ssl=1",652,869,true],"1536x1536":["https:\/\/i0.wp.com\/lipskitravauxdubatiment.fr\/wp-content\/uploads\/2024\/01\/IMG20220415112028-2.jpg?fit=652%2C869&ssl=1",652,869,true],"2048x2048":["https:\/\/i0.wp.com\/lipskitravauxdubatiment.fr\/wp-content\/uploads\/2024\/01\/IMG20220415112028-2.jpg?fit=652%2C869&ssl=1",652,869,true]},"uagb_author_info":{"display_name":"admin","author_link":"https:\/\/lipskitravauxdubatiment.fr\/?author=1"},"uagb_comment_info":0,"uagb_excerpt":"Introduction Bienvenue dans notre section d\u00e9di\u00e9e aux services de Grillage, Mur en Pierre et Cl\u00f4ture en M\u00e9tal et Aluminium chez Lipski Travaux du B\u00e2timent. Nous nous sp\u00e9cialisons dans la cr\u00e9ation&hellip;","jetpack_sharing_enabled":true,"jetpack_likes_enabled":false,"_links":{"self":[{"href":"https:\/\/lipskitravauxdubatiment.fr\/index.php?rest_route=\/wp\/v2\/pages\/980","targetHints":{"allow":["GET"]}}],"collection":[{"href":"https:\/\/lipskitravauxdubatiment.fr\/index.php?rest_route=\/wp\/v2\/pages"}],"about":[{"href":"https:\/\/lipskitravauxdubatiment.fr\/index.php?rest_route=\/wp\/v2\/types\/page"}],"author":[{"embeddable":true,"href":"https:\/\/lipskitravauxdubatiment.fr\/index.php?rest_route=\/wp\/v2\/users\/1"}],"replies":[{"embeddable":true,"href":"https:\/\/lipskitravauxdubatiment.fr\/index.php?rest_route=%2Fwp%2Fv2%2Fcomments&post=980"}],"version-history":[{"count":3,"href":"https:\/\/lipskitravauxdubatiment.fr\/index.php?rest_route=\/wp\/v2\/pages\/980\/revisions"}],"predecessor-version":[{"id":1106,"href":"https:\/\/lipskitravauxdubatiment.fr\/index.php?rest_route=\/wp\/v2\/pages\/980\/revisions\/1106"}],"wp:featuredmedia":[{"embeddable":true,"href":"https:\/\/lipskitravauxdubatiment.fr\/index.php?rest_route=\/wp\/v2\/media\/973"}],"wp:attachment":[{"href":"https:\/\/lipskitravauxdubatiment.fr\/index.php?rest_route=%2Fwp%2Fv2%2Fmedia&parent=980"}],"curies":[{"name":"wp","href":"https:\/\/api.w.org\/{rel}","templated":true}]}}