{"id":970,"date":"2024-01-11T21:33:43","date_gmt":"2024-01-11T21:33:43","guid":{"rendered":"https:\/\/lipskitravauxdubatiment.fr\/?page_id=970"},"modified":"2024-01-13T16:55:43","modified_gmt":"2024-01-13T16:55:43","slug":"petits-bricolages-des-solutions-astucieuses-pour-votre-quotidien","status":"publish","type":"page","link":"https:\/\/lipskitravauxdubatiment.fr\/?page_id=970","title":{"rendered":"Petits Bricolages : Des Solutions Astucieuses pour Votre Quotidien"},"content":{"rendered":"\n<h2 class=\"wp-block-heading\">Introduction<\/h2>\n\n\n\n<p>Bienvenue dans notre section d\u00e9di\u00e9e aux petits bricolages, o\u00f9 nous nous engageons \u00e0 r\u00e9soudre les petites t\u00e2ches du quotidien avec cr\u00e9ativit\u00e9 et expertise. Chez <strong><a href=\"https:\/\/lipskitravauxdubatiment.fr\" title=\"\">Lipski Travaux du B\u00e2timent<\/a><\/strong>, nous comprenons que m\u00eame les petits d\u00e9tails peuvent faire une grande diff\u00e9rence.<\/p>\n\n\n\n<h2 class=\"wp-block-heading\">Nos Services<\/h2>\n\n\n\n<div class=\"wp-block-uagb-slider uagb-block-46db704e uagb-slider-container\"><div class=\"uagb-slides uagb-swiper\"><div class=\"swiper-wrapper\">\n<div class=\"wp-block-uagb-slider-child uagb-slider-child-wrap swiper-slide uagb-block-5af54464\"><div class=\"swiper-content\">\n<div class=\"wp-block-uagb-container uagb-block-be2f5fe2 alignfull uagb-is-root-container\"><div class=\"uagb-container-inner-blocks-wrap\">\n<div class=\"wp-block-uagb-info-box uagb-block-68add8ce uagb-infobox__content-wrap  uagb-infobox-icon-above-title uagb-infobox-image-valign-top\"><div class=\"uagb-ifb-content\"><div class=\"uagb-ifb-title-wrap\"><h3 class=\"uagb-ifb-title\"><strong>Petites Restaurations<\/strong><\/h3><\/div><p class=\"uagb-ifb-desc\">\u00c9conomisez du temps et des efforts en laissant notre \u00e9quipe faire les petites r\u00e9staurations. Que ce soit pour remettre 3 pierres en place, retoucher avec enduit un mur, entre autre, nous sommes l\u00e0 pour vous apporter notre savoir-faire.<\/p><div class=\"uagb-ifb-button-wrapper wp-block-button\"><a href=\"#\" class=\"uagb-infobox-cta-link wp-block-button__link\" target=\"_self\" rel=\"noopener noreferrer\" onclick=\"return false;\" alt=\"\"><span class=\"uagb-inline-editing\">Lire la suite<\/span><\/a><\/div><\/div><\/div>\n<\/div><\/div>\n<\/div><\/div>\n\n\n\n<div class=\"wp-block-uagb-slider-child uagb-slider-child-wrap swiper-slide uagb-block-d5a4f534\"><div class=\"swiper-content\">\n<div class=\"wp-block-uagb-container uagb-block-2badce22 alignfull uagb-is-root-container\"><div class=\"uagb-container-inner-blocks-wrap\">\n<div class=\"wp-block-uagb-info-box uagb-block-79dcd9b4 uagb-infobox__content-wrap  uagb-infobox-icon-above-title uagb-infobox-image-valign-top\"><div class=\"uagb-ifb-content\"><div class=\"uagb-ifb-title-wrap\"><h3 class=\"uagb-ifb-title\"><strong>Installation d&rsquo;Accessoires<\/strong><\/h3><\/div><p class=\"uagb-ifb-desc\">Besoin d&rsquo;ajouter des \u00e9tag\u00e8res, des rideaux, ou d&rsquo;autres accessoires \u00e0 votre espace ? Nous sommes l\u00e0 pour vous aider \u00e0 personnaliser votre environnement en installant divers accessoires de mani\u00e8re professionnelle.<\/p><div class=\"uagb-ifb-button-wrapper wp-block-button\"><a href=\"#\" class=\"uagb-infobox-cta-link wp-block-button__link\" target=\"_self\" rel=\"noopener noreferrer\" onclick=\"return false;\" alt=\"\"><span class=\"uagb-inline-editing\">Lire la suite<\/span><\/a><\/div><\/div><\/div>\n<\/div><\/div>\n<\/div><\/div>\n<\/div><\/div><div class=\"swiper-pagination\"><\/div><div class=\"swiper-button-prev\"><\/div><div class=\"swiper-button-next\"><\/div><\/div>\n\n\n\n<p><\/p>\n\n\n\n<h2 class=\"wp-block-heading\">Flexibilit\u00e9 et Fiabilit\u00e9<\/h2>\n\n\n\n<p class=\"has-white-color has-black-background-color has-text-color has-background has-link-color wp-elements-084cea0d7b06d6a7a380de29f3d6f0d9\">Notre \u00e9quipe de bricoleurs est r\u00e9put\u00e9e pour sa flexibilit\u00e9 et sa fiabilit\u00e9. Nous nous adaptons \u00e0 votre emploi du temps et nous engageons \u00e0 fournir des solutions rapides et efficaces pour vos petits bricolages.<\/p>\n\n\n\n<h2 class=\"wp-block-heading\">Contactez-nous<\/h2>\n\n\n\n<p>Confiez vos petits bricolages \u00e0 <strong><a href=\"https:\/\/lipskitravauxdubatiment.fr\" title=\"\">Lipski Travaux du B\u00e2timent<\/a><\/strong>. Contactez-nous d\u00e8s aujourd&rsquo;hui pour discuter de vos besoins et d\u00e9couvrir comment nous pouvons vous simplifier la vie avec nos solutions astucieuses.<\/p>\n\n\n\n<div class=\"wp-block-uagb-social-share uagb-social-share__outer-wrap uagb-social-share__layout-horizontal uagb-block-e6232049\">\n<div class=\"wp-block-uagb-social-share-child uagb-ss-repeater uagb-ss__wrapper uagb-block-a4728bae\"><span class=\"uagb-ss__link\" data-href=\"https:\/\/www.facebook.com\/sharer.php?u=\" tabindex=\"0\" role=\"button\" aria-label=\"facebook\"><span class=\"uagb-ss__source-wrap\"><span class=\"uagb-ss__source-icon\"><svg xmlns=\"https:\/\/www.w3.org\/2000\/svg\" viewBox=\"0 0 512 512\"><path d=\"M504 256C504 119 393 8 256 8S8 119 8 256c0 123.8 90.69 226.4 209.3 245V327.7h-63V256h63v-54.64c0-62.15 37-96.48 93.67-96.48 27.14 0 55.52 4.84 55.52 4.84v61h-31.28c-30.8 0-40.41 19.12-40.41 38.73V256h68.78l-11 71.69h-57.78V501C413.3 482.4 504 379.8 504 256z\"><\/path><\/svg><\/span><\/span><\/span><\/div>\n\n\n\n<div class=\"wp-block-uagb-social-share-child uagb-ss-repeater uagb-ss__wrapper uagb-block-3994189e\"><span class=\"uagb-ss__link\" data-href=\"https:\/\/twitter.com\/share?url=\" tabindex=\"0\" role=\"button\" aria-label=\"twitter\"><span class=\"uagb-ss__source-wrap\"><span class=\"uagb-ss__source-icon\"><svg xmlns=\"https:\/\/www.w3.org\/2000\/svg\" viewBox=\"0 0 448 512\"><path d=\"M400 32H48C21.5 32 0 53.5 0 80v352c0 26.5 21.5 48 48 48h352c26.5 0 48-21.5 48-48V80c0-26.5-21.5-48-48-48zm-48.9 158.8c.2 2.8 .2 5.7 .2 8.5 0 86.7-66 186.6-186.6 186.6-37.2 0-71.7-10.8-100.7-29.4 5.3 .6 10.4 .8 15.8 .8 30.7 0 58.9-10.4 81.4-28-28.8-.6-53-19.5-61.3-45.5 10.1 1.5 19.2 1.5 29.6-1.2-30-6.1-52.5-32.5-52.5-64.4v-.8c8.7 4.9 18.9 7.9 29.6 8.3a65.45 65.45 0 0 1 -29.2-54.6c0-12.2 3.2-23.4 8.9-33.1 32.3 39.8 80.8 65.8 135.2 68.6-9.3-44.5 24-80.6 64-80.6 18.9 0 35.9 7.9 47.9 20.7 14.8-2.8 29-8.3 41.6-15.8-4.9 15.2-15.2 28-28.8 36.1 13.2-1.4 26-5.1 37.8-10.2-8.9 13.1-20.1 24.7-32.9 34z\"><\/path><\/svg><\/span><\/span><\/span><\/div>\n\n\n\n<div class=\"wp-block-uagb-social-share-child uagb-ss-repeater uagb-ss__wrapper uagb-block-c9addf61\"><span class=\"uagb-ss__link\" data-href=\"https:\/\/pinterest.com\/pin\/create\/link\/?url=\" tabindex=\"0\" role=\"button\" aria-label=\"pinterest\"><span class=\"uagb-ss__source-wrap\"><span class=\"uagb-ss__source-icon\"><svg xmlns=\"https:\/\/www.w3.org\/2000\/svg\" viewBox=\"0 0 448 512\"><path d=\"M448 80v352c0 26.5-21.5 48-48 48H154.4c9.8-16.4 22.4-40 27.4-59.3 3-11.5 15.3-58.4 15.3-58.4 8 15.3 31.4 28.2 56.3 28.2 74.1 0 127.4-68.1 127.4-152.7 0-81.1-66.2-141.8-151.4-141.8-106 0-162.2 71.1-162.2 148.6 0 36 19.2 80.8 49.8 95.1 4.7 2.2 7.1 1.2 8.2-3.3 .8-3.4 5-20.1 6.8-27.8 .6-2.5 .3-4.6-1.7-7-10.1-12.3-18.3-34.9-18.3-56 0-54.2 41-106.6 110.9-106.6 60.3 0 102.6 41.1 102.6 99.9 0 66.4-33.5 112.4-77.2 112.4-24.1 0-42.1-19.9-36.4-44.4 6.9-29.2 20.3-60.7 20.3-81.8 0-53-75.5-45.7-75.5 25 0 21.7 7.3 36.5 7.3 36.5-31.4 132.8-36.1 134.5-29.6 192.6l2.2 .8H48c-26.5 0-48-21.5-48-48V80c0-26.5 21.5-48 48-48h352c26.5 0 48 21.5 48 48z\"><\/path><\/svg><\/span><\/span><\/span><\/div>\n\n\n\n<div class=\"wp-block-uagb-social-share-child uagb-ss-repeater uagb-ss__wrapper uagb-block-61b6ec8e\"><span class=\"uagb-ss__link\" data-href=\"https:\/\/www.linkedin.com\/shareArticle?url=\" tabindex=\"0\" role=\"button\" aria-label=\"linkedin\"><span class=\"uagb-ss__source-wrap\"><span class=\"uagb-ss__source-icon\"><svg xmlns=\"https:\/\/www.w3.org\/2000\/svg\" viewBox=\"0 0 448 512\"><path d=\"M416 32H31.9C14.3 32 0 46.5 0 64.3v383.4C0 465.5 14.3 480 31.9 480H416c17.6 0 32-14.5 32-32.3V64.3c0-17.8-14.4-32.3-32-32.3zM135.4 416H69V202.2h66.5V416zm-33.2-243c-21.3 0-38.5-17.3-38.5-38.5S80.9 96 102.2 96c21.2 0 38.5 17.3 38.5 38.5 0 21.3-17.2 38.5-38.5 38.5zm282.1 243h-66.4V312c0-24.8-.5-56.7-34.5-56.7-34.6 0-39.9 27-39.9 54.9V416h-66.4V202.2h63.7v29.2h.9c8.9-16.8 30.6-34.5 62.9-34.5 67.2 0 79.7 44.3 79.7 101.9V416z\"><\/path><\/svg><\/span><\/span><\/span><\/div>\n<\/div>\n","protected":false},"excerpt":{"rendered":"<p>Introduction Bienvenue dans notre section d\u00e9di\u00e9e aux petits bricolages, o\u00f9 nous nous engageons \u00e0 r\u00e9soudre les petites t\u00e2ches du quotidien avec cr\u00e9ativit\u00e9 et expertise. Chez Lipski Travaux du B\u00e2timent, nous&hellip;<\/p>\n","protected":false},"author":1,"featured_media":875,"parent":0,"menu_order":0,"comment_status":"closed","ping_status":"closed","template":"","meta":{"om_disable_all_campaigns":false,"_uag_custom_page_level_css":"","_monsterinsights_skip_tracking":false,"_monsterinsights_sitenote_active":false,"_monsterinsights_sitenote_note":"","_monsterinsights_sitenote_category":0,"footnotes":""},"class_list":["post-970","page","type-page","status-publish","has-post-thumbnail","hentry"],"aioseo_notices":[],"uagb_featured_image_src":{"full":["https:\/\/i0.wp.com\/lipskitravauxdubatiment.fr\/wp-content\/uploads\/2023\/01\/ensemble-outils-manuels-situe-plancher-bois-scaled.jpg?fit=2560%2C1707&ssl=1",2560,1707,false],"thumbnail":["https:\/\/i0.wp.com\/lipskitravauxdubatiment.fr\/wp-content\/uploads\/2023\/01\/ensemble-outils-manuels-situe-plancher-bois-scaled.jpg?resize=150%2C150&ssl=1",150,150,true],"medium":["https:\/\/i0.wp.com\/lipskitravauxdubatiment.fr\/wp-content\/uploads\/2023\/01\/ensemble-outils-manuels-situe-plancher-bois-scaled.jpg?fit=300%2C200&ssl=1",300,200,true],"medium_large":["https:\/\/i0.wp.com\/lipskitravauxdubatiment.fr\/wp-content\/uploads\/2023\/01\/ensemble-outils-manuels-situe-plancher-bois-scaled.jpg?fit=768%2C512&ssl=1",768,512,true],"large":["https:\/\/i0.wp.com\/lipskitravauxdubatiment.fr\/wp-content\/uploads\/2023\/01\/ensemble-outils-manuels-situe-plancher-bois-scaled.jpg?fit=1024%2C683&ssl=1",1024,683,true],"1536x1536":["https:\/\/i0.wp.com\/lipskitravauxdubatiment.fr\/wp-content\/uploads\/2023\/01\/ensemble-outils-manuels-situe-plancher-bois-scaled.jpg?fit=1536%2C1024&ssl=1",1536,1024,true],"2048x2048":["https:\/\/i0.wp.com\/lipskitravauxdubatiment.fr\/wp-content\/uploads\/2023\/01\/ensemble-outils-manuels-situe-plancher-bois-scaled.jpg?fit=2048%2C1365&ssl=1",2048,1365,true]},"uagb_author_info":{"display_name":"admin","author_link":"https:\/\/lipskitravauxdubatiment.fr\/?author=1"},"uagb_comment_info":0,"uagb_excerpt":"Introduction Bienvenue dans notre section d\u00e9di\u00e9e aux petits bricolages, o\u00f9 nous nous engageons \u00e0 r\u00e9soudre les petites t\u00e2ches du quotidien avec cr\u00e9ativit\u00e9 et expertise. Chez Lipski Travaux du B\u00e2timent, nous&hellip;","jetpack_sharing_enabled":true,"jetpack_likes_enabled":false,"_links":{"self":[{"href":"https:\/\/lipskitravauxdubatiment.fr\/index.php?rest_route=\/wp\/v2\/pages\/970","targetHints":{"allow":["GET"]}}],"collection":[{"href":"https:\/\/lipskitravauxdubatiment.fr\/index.php?rest_route=\/wp\/v2\/pages"}],"about":[{"href":"https:\/\/lipskitravauxdubatiment.fr\/index.php?rest_route=\/wp\/v2\/types\/page"}],"author":[{"embeddable":true,"href":"https:\/\/lipskitravauxdubatiment.fr\/index.php?rest_route=\/wp\/v2\/users\/1"}],"replies":[{"embeddable":true,"href":"https:\/\/lipskitravauxdubatiment.fr\/index.php?rest_route=%2Fwp%2Fv2%2Fcomments&post=970"}],"version-history":[{"count":3,"href":"https:\/\/lipskitravauxdubatiment.fr\/index.php?rest_route=\/wp\/v2\/pages\/970\/revisions"}],"predecessor-version":[{"id":1114,"href":"https:\/\/lipskitravauxdubatiment.fr\/index.php?rest_route=\/wp\/v2\/pages\/970\/revisions\/1114"}],"wp:featuredmedia":[{"embeddable":true,"href":"https:\/\/lipskitravauxdubatiment.fr\/index.php?rest_route=\/wp\/v2\/media\/875"}],"wp:attachment":[{"href":"https:\/\/lipskitravauxdubatiment.fr\/index.php?rest_route=%2Fwp%2Fv2%2Fmedia&parent=970"}],"curies":[{"name":"wp","href":"https:\/\/api.w.org\/{rel}","templated":true}]}}