{"id":928,"date":"2024-01-11T19:25:32","date_gmt":"2024-01-11T19:25:32","guid":{"rendered":"https:\/\/lipskitravauxdubatiment.fr\/?page_id=928"},"modified":"2024-01-13T16:40:29","modified_gmt":"2024-01-13T16:40:29","slug":"pose-dassainissement-construisons-un-avenir-sain-ensemble","status":"publish","type":"page","link":"https:\/\/lipskitravauxdubatiment.fr\/?page_id=928","title":{"rendered":"Assainissement : Construisons un Avenir Sain Ensemble"},"content":{"rendered":"\n<h2 class=\"wp-block-heading\">Introduction<\/h2>\n\n\n\n<p>Bienvenue dans notre section d\u00e9di\u00e9e \u00e0 la pose d&rsquo;assainissement et la cr\u00e9ation d&rsquo;infrastructures d&rsquo;assainissement solides et efficaces. Chez <strong><a href=\"https:\/\/lipskitravauxdubatiment.fr\" title=\"\">Lipski Travaux du B\u00e2timent<\/a><\/strong>, notre engagement est d&rsquo;offrir des solutions de pose d&rsquo;assainissement de qualit\u00e9 pour r\u00e9pondre \u00e0 vos besoins sp\u00e9cifiques.<\/p>\n\n\n\n<h2 class=\"wp-block-heading\">Nos Comp\u00e9tences<\/h2>\n\n\n\n<div class=\"wp-block-uagb-slider uagb-block-0bda5cbf uagb-slider-container\"><div class=\"uagb-slides uagb-swiper\"><div class=\"swiper-wrapper\">\n<div class=\"wp-block-uagb-slider-child uagb-slider-child-wrap swiper-slide uagb-block-78aad78a\"><div class=\"swiper-content\">\n<div class=\"wp-block-uagb-container uagb-block-89a51175 alignfull uagb-is-root-container\"><div class=\"uagb-container-inner-blocks-wrap\">\n<div class=\"wp-block-uagb-info-box uagb-block-d1aaf47b uagb-infobox__content-wrap  uagb-infobox-icon-above-title uagb-infobox-image-valign-top\"><div class=\"uagb-ifb-content\"><div class=\"uagb-ifb-icon-wrap\"><svg xmlns=\"https:\/\/www.w3.org\/2000\/svg\" viewBox=\"0 0 512 512\"><path d=\"M0 256C0 114.6 114.6 0 256 0C397.4 0 512 114.6 512 256C512 397.4 397.4 512 256 512C114.6 512 0 397.4 0 256zM371.8 211.8C382.7 200.9 382.7 183.1 371.8 172.2C360.9 161.3 343.1 161.3 332.2 172.2L224 280.4L179.8 236.2C168.9 225.3 151.1 225.3 140.2 236.2C129.3 247.1 129.3 264.9 140.2 275.8L204.2 339.8C215.1 350.7 232.9 350.7 243.8 339.8L371.8 211.8z\"><\/path><\/svg><\/div><div class=\"uagb-ifb-title-wrap\"><h3 class=\"uagb-ifb-title\"><strong>Pose de R\u00e9seaux d&rsquo;Assainissement<\/strong><\/h3><\/div><p class=\"uagb-ifb-desc\">Nous sommes sp\u00e9cialis\u00e9s dans la pose de r\u00e9seaux d&rsquo;assainissement complets, que ce soit pour des projets r\u00e9sidentiels, commerciaux ou industriels. Notre \u00e9quipe qualifi\u00e9e assure une installation pr\u00e9cise, respectant les normes de s\u00e9curit\u00e9 et d&rsquo;efficacit\u00e9.<\/p><div class=\"uagb-ifb-button-wrapper wp-block-button\"><a href=\"#\" class=\"uagb-infobox-cta-link wp-block-button__link\" target=\"_self\" rel=\"noopener noreferrer\" onclick=\"return false;\" alt=\"\"><span class=\"uagb-inline-editing\">Lire la suite<\/span><\/a><\/div><\/div><\/div>\n<\/div><\/div>\n<\/div><\/div>\n\n\n\n<div class=\"wp-block-uagb-slider-child uagb-slider-child-wrap swiper-slide uagb-block-9c3732c4\"><div class=\"swiper-content\">\n<div class=\"wp-block-uagb-container uagb-block-ec505870 alignfull uagb-is-root-container\"><div class=\"uagb-container-inner-blocks-wrap\">\n<div class=\"wp-block-uagb-info-box uagb-block-5c351aa5 uagb-infobox__content-wrap  uagb-infobox-icon-above-title uagb-infobox-image-valign-top\"><div class=\"uagb-ifb-content\"><div class=\"uagb-ifb-icon-wrap\"><svg xmlns=\"https:\/\/www.w3.org\/2000\/svg\" viewBox=\"0 0 512 512\"><path d=\"M0 256C0 114.6 114.6 0 256 0C397.4 0 512 114.6 512 256C512 397.4 397.4 512 256 512C114.6 512 0 397.4 0 256zM371.8 211.8C382.7 200.9 382.7 183.1 371.8 172.2C360.9 161.3 343.1 161.3 332.2 172.2L224 280.4L179.8 236.2C168.9 225.3 151.1 225.3 140.2 236.2C129.3 247.1 129.3 264.9 140.2 275.8L204.2 339.8C215.1 350.7 232.9 350.7 243.8 339.8L371.8 211.8z\"><\/path><\/svg><\/div><div class=\"uagb-ifb-title-wrap\"><h3 class=\"uagb-ifb-title\"><strong>Installation de Canalisations et Conduites<\/strong><\/h3><\/div><p class=\"uagb-ifb-desc\">La mise en place de canalisations et de conduites est une part essentielle de nos services. Nous utilisons des techniques modernes pour assurer une pose pr\u00e9cise, garantissant un flux efficace des eaux us\u00e9es tout en minimisant les risques de probl\u00e8mes futurs.<\/p><div class=\"uagb-ifb-button-wrapper wp-block-button\"><a href=\"#\" class=\"uagb-infobox-cta-link wp-block-button__link\" target=\"_self\" rel=\"noopener noreferrer\" onclick=\"return false;\" alt=\"\"><span class=\"uagb-inline-editing\">Lire la suite<\/span><\/a><\/div><\/div><\/div>\n<\/div><\/div>\n<\/div><\/div>\n\n\n\n<div class=\"wp-block-uagb-slider-child uagb-slider-child-wrap swiper-slide uagb-block-9dea0a99\"><div class=\"swiper-content\">\n<div class=\"wp-block-uagb-container uagb-block-a249e3f8 default uagb-is-root-container\">\n<div class=\"wp-block-uagb-info-box uagb-block-551f54b2 uagb-infobox__content-wrap  uagb-infobox-icon-above-title uagb-infobox-image-valign-top\"><div class=\"uagb-ifb-content\"><div class=\"uagb-ifb-icon-wrap\"><svg xmlns=\"https:\/\/www.w3.org\/2000\/svg\" viewBox=\"0 0 512 512\"><path d=\"M0 256C0 114.6 114.6 0 256 0C397.4 0 512 114.6 512 256C512 397.4 397.4 512 256 512C114.6 512 0 397.4 0 256zM371.8 211.8C382.7 200.9 382.7 183.1 371.8 172.2C360.9 161.3 343.1 161.3 332.2 172.2L224 280.4L179.8 236.2C168.9 225.3 151.1 225.3 140.2 236.2C129.3 247.1 129.3 264.9 140.2 275.8L204.2 339.8C215.1 350.7 232.9 350.7 243.8 339.8L371.8 211.8z\"><\/path><\/svg><\/div><div class=\"uagb-ifb-title-wrap\"><h3 class=\"uagb-ifb-title\"><strong>Pose d&rsquo;\u00c9quipements d&rsquo;Assainissement<\/strong><\/h3><\/div><p class=\"uagb-ifb-desc\">Au-del\u00e0 des infrastructures de base, nous nous sp\u00e9cialisons dans la pose d&rsquo;\u00e9quipements d&rsquo;assainissement tels que les stations de relevage, les filtres, et les dispositifs de contr\u00f4le. Chaque installation est r\u00e9alis\u00e9e avec une attention particuli\u00e8re pour assurer une fonctionnalit\u00e9 optimale.<\/p><div class=\"uagb-ifb-button-wrapper wp-block-button\"><a href=\"#\" class=\"uagb-infobox-cta-link wp-block-button__link\" target=\"_self\" rel=\"noopener noreferrer\" onclick=\"return false;\" alt=\"\"><span class=\"uagb-inline-editing\">Lire la suite<\/span><\/a><\/div><\/div><\/div>\n<\/div>\n<\/div><\/div>\n<\/div><\/div><div class=\"swiper-pagination\"><\/div><div class=\"swiper-button-prev\"><\/div><div class=\"swiper-button-next\"><\/div><\/div>\n\n\n\n<div class=\"wp-block-jetpack-tiled-gallery aligncenter is-style-rectangular\"><div class=\"tiled-gallery__gallery\"><div class=\"tiled-gallery__row\"><div class=\"tiled-gallery__col\" style=\"flex-basis:28.36247%\"><figure class=\"tiled-gallery__item\"><img decoding=\"async\" data-attachment-id=\"740\" data-permalink=\"https:\/\/lipskitravauxdubatiment.fr\/?attachment_id=740\" data-orig-file=\"https:\/\/i0.wp.com\/lipskitravauxdubatiment.fr\/wp-content\/uploads\/2024\/01\/WhatsApp-Image-2023-11-18-a-20.18.13_5f30bc1b.jpg?fit=678%2C904&amp;ssl=1\" data-orig-size=\"678,904\" data-comments-opened=\"0\" data-image-meta=\"{&quot;aperture&quot;:&quot;0&quot;,&quot;credit&quot;:&quot;&quot;,&quot;camera&quot;:&quot;&quot;,&quot;caption&quot;:&quot;&quot;,&quot;created_timestamp&quot;:&quot;0&quot;,&quot;copyright&quot;:&quot;&quot;,&quot;focal_length&quot;:&quot;0&quot;,&quot;iso&quot;:&quot;0&quot;,&quot;shutter_speed&quot;:&quot;0&quot;,&quot;title&quot;:&quot;&quot;,&quot;orientation&quot;:&quot;0&quot;}\" data-image-title=\"WhatsApp Image 2023-11-18 \u00e0 20.18.13_5f30bc1b\" data-image-description=\"\" data-image-caption=\"&lt;p&gt;Assainissement&lt;\/p&gt;\n\" data-large-file=\"https:\/\/i0.wp.com\/lipskitravauxdubatiment.fr\/wp-content\/uploads\/2024\/01\/WhatsApp-Image-2023-11-18-a-20.18.13_5f30bc1b.jpg?fit=678%2C904&amp;ssl=1\" data-attachment-id=\"740\" data-permalink=\"https:\/\/lipskitravauxdubatiment.fr\/?attachment_id=740\" data-orig-file=\"https:\/\/i0.wp.com\/lipskitravauxdubatiment.fr\/wp-content\/uploads\/2024\/01\/WhatsApp-Image-2023-11-18-a-20.18.13_5f30bc1b.jpg?fit=678%2C904&amp;ssl=1\" data-orig-size=\"678,904\" data-comments-opened=\"0\" data-image-meta=\"{&quot;aperture&quot;:&quot;0&quot;,&quot;credit&quot;:&quot;&quot;,&quot;camera&quot;:&quot;&quot;,&quot;caption&quot;:&quot;&quot;,&quot;created_timestamp&quot;:&quot;0&quot;,&quot;copyright&quot;:&quot;&quot;,&quot;focal_length&quot;:&quot;0&quot;,&quot;iso&quot;:&quot;0&quot;,&quot;shutter_speed&quot;:&quot;0&quot;,&quot;title&quot;:&quot;&quot;,&quot;orientation&quot;:&quot;0&quot;}\" data-image-title=\"WhatsApp Image 2023-11-18 \u00e0 20.18.13_5f30bc1b\" data-image-description=\"\" data-image-caption=\"&lt;p&gt;Assainissement&lt;\/p&gt;\n\" data-large-file=\"https:\/\/i0.wp.com\/lipskitravauxdubatiment.fr\/wp-content\/uploads\/2024\/01\/WhatsApp-Image-2023-11-18-a-20.18.13_5f30bc1b.jpg?fit=678%2C904&amp;ssl=1\" role=\"button\" tabindex=\"0\" aria-label=\"Ouvrir l\u2019image 1 sur 3 en plein \u00e9cran\"srcset=\"https:\/\/i0.wp.com\/lipskitravauxdubatiment.fr\/wp-content\/uploads\/2024\/01\/WhatsApp-Image-2023-11-18-a-20.18.13_5f30bc1b.jpg?strip=info&#038;w=600&#038;ssl=1 600w,https:\/\/i0.wp.com\/lipskitravauxdubatiment.fr\/wp-content\/uploads\/2024\/01\/WhatsApp-Image-2023-11-18-a-20.18.13_5f30bc1b.jpg?strip=info&#038;w=678&#038;ssl=1 678w\" alt=\"\" data-height=\"904\" data-id=\"740\" data-link=\"https:\/\/lipskitravauxdubatiment.fr\/?attachment_id=740\" data-url=\"https:\/\/lipskitravauxdubatiment.fr\/wp-content\/uploads\/2024\/01\/WhatsApp-Image-2023-11-18-a-20.18.13_5f30bc1b.jpg\" data-width=\"678\" src=\"https:\/\/i0.wp.com\/lipskitravauxdubatiment.fr\/wp-content\/uploads\/2024\/01\/WhatsApp-Image-2023-11-18-a-20.18.13_5f30bc1b.jpg?ssl=1\" data-amp-layout=\"responsive\"\/><\/figure><\/div><div class=\"tiled-gallery__col\" style=\"flex-basis:50.33892%\"><figure class=\"tiled-gallery__item\"><img decoding=\"async\" data-attachment-id=\"242\" data-permalink=\"https:\/\/lipskitravauxdubatiment.fr\/?attachment_id=242\" data-orig-file=\"https:\/\/i0.wp.com\/lipskitravauxdubatiment.fr\/wp-content\/uploads\/2024\/01\/WhatsApp-Image-2023-11-18-a-20.18.13_d661c8be-1.jpg?fit=1024%2C768&amp;ssl=1\" data-orig-size=\"1024,768\" data-comments-opened=\"0\" data-image-meta=\"{&quot;aperture&quot;:&quot;0&quot;,&quot;credit&quot;:&quot;&quot;,&quot;camera&quot;:&quot;&quot;,&quot;caption&quot;:&quot;&quot;,&quot;created_timestamp&quot;:&quot;0&quot;,&quot;copyright&quot;:&quot;&quot;,&quot;focal_length&quot;:&quot;0&quot;,&quot;iso&quot;:&quot;0&quot;,&quot;shutter_speed&quot;:&quot;0&quot;,&quot;title&quot;:&quot;&quot;,&quot;orientation&quot;:&quot;0&quot;}\" data-image-title=\"WhatsApp-Image-2023-11-18-a-20.18.13_d661c8be-1\" data-image-description=\"\" data-image-caption=\"\" data-large-file=\"https:\/\/i0.wp.com\/lipskitravauxdubatiment.fr\/wp-content\/uploads\/2024\/01\/WhatsApp-Image-2023-11-18-a-20.18.13_d661c8be-1.jpg?fit=1024%2C768&amp;ssl=1\" data-attachment-id=\"242\" data-permalink=\"https:\/\/lipskitravauxdubatiment.fr\/?attachment_id=242\" data-orig-file=\"https:\/\/i0.wp.com\/lipskitravauxdubatiment.fr\/wp-content\/uploads\/2024\/01\/WhatsApp-Image-2023-11-18-a-20.18.13_d661c8be-1.jpg?fit=1024%2C768&amp;ssl=1\" data-orig-size=\"1024,768\" data-comments-opened=\"0\" data-image-meta=\"{&quot;aperture&quot;:&quot;0&quot;,&quot;credit&quot;:&quot;&quot;,&quot;camera&quot;:&quot;&quot;,&quot;caption&quot;:&quot;&quot;,&quot;created_timestamp&quot;:&quot;0&quot;,&quot;copyright&quot;:&quot;&quot;,&quot;focal_length&quot;:&quot;0&quot;,&quot;iso&quot;:&quot;0&quot;,&quot;shutter_speed&quot;:&quot;0&quot;,&quot;title&quot;:&quot;&quot;,&quot;orientation&quot;:&quot;0&quot;}\" data-image-title=\"WhatsApp-Image-2023-11-18-a-20.18.13_d661c8be-1\" data-image-description=\"\" data-image-caption=\"\" data-large-file=\"https:\/\/i0.wp.com\/lipskitravauxdubatiment.fr\/wp-content\/uploads\/2024\/01\/WhatsApp-Image-2023-11-18-a-20.18.13_d661c8be-1.jpg?fit=1024%2C768&amp;ssl=1\" role=\"button\" tabindex=\"0\" aria-label=\"Ouvrir l\u2019image 2 sur 3 en plein \u00e9cran\"srcset=\"https:\/\/i2.wp.com\/lipskitravauxdubatiment.fr\/wp-content\/uploads\/2024\/01\/WhatsApp-Image-2023-11-18-a-20.18.13_d661c8be-1.jpg?strip=info&#038;w=600&#038;ssl=1 600w,https:\/\/i2.wp.com\/lipskitravauxdubatiment.fr\/wp-content\/uploads\/2024\/01\/WhatsApp-Image-2023-11-18-a-20.18.13_d661c8be-1.jpg?strip=info&#038;w=900&#038;ssl=1 900w,https:\/\/i2.wp.com\/lipskitravauxdubatiment.fr\/wp-content\/uploads\/2024\/01\/WhatsApp-Image-2023-11-18-a-20.18.13_d661c8be-1.jpg?strip=info&#038;w=1024&#038;ssl=1 1024w\" alt=\"\" data-height=\"768\" data-id=\"242\" data-link=\"https:\/\/lipskitravauxdubatiment.fr\/?attachment_id=242\" data-url=\"https:\/\/lipskitravauxdubatiment.fr\/wp-content\/uploads\/2024\/01\/WhatsApp-Image-2023-11-18-a-20.18.13_d661c8be-1.jpg\" data-width=\"1024\" src=\"https:\/\/i2.wp.com\/lipskitravauxdubatiment.fr\/wp-content\/uploads\/2024\/01\/WhatsApp-Image-2023-11-18-a-20.18.13_d661c8be-1.jpg?ssl=1\" data-amp-layout=\"responsive\"\/><\/figure><\/div><div class=\"tiled-gallery__col\" style=\"flex-basis:21.29861%\"><figure class=\"tiled-gallery__item\"><img decoding=\"async\" data-attachment-id=\"929\" data-permalink=\"https:\/\/lipskitravauxdubatiment.fr\/?attachment_id=929\" data-orig-file=\"https:\/\/i0.wp.com\/lipskitravauxdubatiment.fr\/wp-content\/uploads\/2024\/01\/WhatsApp-Image-2024-01-11-a-20.12.52_76fc1ead.jpg?fit=1080%2C1920&amp;ssl=1\" data-orig-size=\"1080,1920\" data-comments-opened=\"0\" data-image-meta=\"{&quot;aperture&quot;:&quot;0&quot;,&quot;credit&quot;:&quot;&quot;,&quot;camera&quot;:&quot;&quot;,&quot;caption&quot;:&quot;&quot;,&quot;created_timestamp&quot;:&quot;0&quot;,&quot;copyright&quot;:&quot;&quot;,&quot;focal_length&quot;:&quot;0&quot;,&quot;iso&quot;:&quot;0&quot;,&quot;shutter_speed&quot;:&quot;0&quot;,&quot;title&quot;:&quot;&quot;,&quot;orientation&quot;:&quot;0&quot;}\" data-image-title=\"WhatsApp-Image-2024-01-11-a-20.12.52_76fc1ead\" data-image-description=\"\" data-image-caption=\"\" data-large-file=\"https:\/\/i0.wp.com\/lipskitravauxdubatiment.fr\/wp-content\/uploads\/2024\/01\/WhatsApp-Image-2024-01-11-a-20.12.52_76fc1ead.jpg?fit=576%2C1024&amp;ssl=1\" data-attachment-id=\"929\" data-permalink=\"https:\/\/lipskitravauxdubatiment.fr\/?attachment_id=929\" data-orig-file=\"https:\/\/i0.wp.com\/lipskitravauxdubatiment.fr\/wp-content\/uploads\/2024\/01\/WhatsApp-Image-2024-01-11-a-20.12.52_76fc1ead.jpg?fit=1080%2C1920&amp;ssl=1\" data-orig-size=\"1080,1920\" data-comments-opened=\"0\" data-image-meta=\"{&quot;aperture&quot;:&quot;0&quot;,&quot;credit&quot;:&quot;&quot;,&quot;camera&quot;:&quot;&quot;,&quot;caption&quot;:&quot;&quot;,&quot;created_timestamp&quot;:&quot;0&quot;,&quot;copyright&quot;:&quot;&quot;,&quot;focal_length&quot;:&quot;0&quot;,&quot;iso&quot;:&quot;0&quot;,&quot;shutter_speed&quot;:&quot;0&quot;,&quot;title&quot;:&quot;&quot;,&quot;orientation&quot;:&quot;0&quot;}\" data-image-title=\"WhatsApp-Image-2024-01-11-a-20.12.52_76fc1ead\" data-image-description=\"\" data-image-caption=\"\" data-large-file=\"https:\/\/i0.wp.com\/lipskitravauxdubatiment.fr\/wp-content\/uploads\/2024\/01\/WhatsApp-Image-2024-01-11-a-20.12.52_76fc1ead.jpg?fit=576%2C1024&amp;ssl=1\" role=\"button\" tabindex=\"0\" aria-label=\"Ouvrir l\u2019image 3 sur 3 en plein \u00e9cran\"srcset=\"https:\/\/i2.wp.com\/lipskitravauxdubatiment.fr\/wp-content\/uploads\/2024\/01\/WhatsApp-Image-2024-01-11-a-20.12.52_76fc1ead-576x1024.jpg?strip=info&#038;w=600&#038;ssl=1 600w,https:\/\/i2.wp.com\/lipskitravauxdubatiment.fr\/wp-content\/uploads\/2024\/01\/WhatsApp-Image-2024-01-11-a-20.12.52_76fc1ead-576x1024.jpg?strip=info&#038;w=900&#038;ssl=1 900w,https:\/\/i2.wp.com\/lipskitravauxdubatiment.fr\/wp-content\/uploads\/2024\/01\/WhatsApp-Image-2024-01-11-a-20.12.52_76fc1ead-576x1024.jpg?strip=info&#038;w=1080&#038;ssl=1 1080w\" alt=\"\" data-height=\"1920\" data-id=\"929\" data-link=\"https:\/\/lipskitravauxdubatiment.fr\/?attachment_id=929\" data-url=\"https:\/\/lipskitravauxdubatiment.fr\/wp-content\/uploads\/2024\/01\/WhatsApp-Image-2024-01-11-a-20.12.52_76fc1ead-576x1024.jpg\" data-width=\"1080\" src=\"https:\/\/i2.wp.com\/lipskitravauxdubatiment.fr\/wp-content\/uploads\/2024\/01\/WhatsApp-Image-2024-01-11-a-20.12.52_76fc1ead-576x1024.jpg?ssl=1\" data-amp-layout=\"responsive\"\/><\/figure><\/div><\/div><\/div><\/div>\n\n\n\n<p><\/p>\n\n\n\n<figure class=\"wp-block-embed is-type-video is-provider-tiktok wp-block-embed-tiktok\"><div class=\"wp-block-embed__wrapper\">\n<blockquote class=\"tiktok-embed\" cite=\"https:\/\/www.tiktok.com\/@franckilipski\/video\/7223794044365950235\" data-video-id=\"7223794044365950235\" data-embed-from=\"oembed\" style=\"max-width: 605px;min-width: 325px;\" > <section> <a target=\"_blank\" title=\"@franckilipski\" href=\"https:\/\/www.tiktok.com\/@franckilipski?refer=embed\">@franckilipski<\/a> <p><\/p> <a target=\"_blank\" title=\"\u266c son original - Lipski Travaux du B\u00e2timent\" href=\"https:\/\/www.tiktok.com\/music\/son-original-7223794031252097819?refer=embed\">\u266c son original &#8211; Lipski Travaux du B\u00e2timent<\/a> <\/section> <\/blockquote> <script async src=\"https:\/\/www.tiktok.com\/embed.js\"><\/script>\n<\/div><\/figure>\n\n\n\n<h2 class=\"wp-block-heading\">Qualit\u00e9 et Conformit\u00e9<\/h2>\n\n\n\n<p>La qualit\u00e9 de notre travail est notre priorit\u00e9 absolue. Chaque projet de pose d&rsquo;assainissement est r\u00e9alis\u00e9 en conformit\u00e9 avec les normes industrielles et les r\u00e9glementations en vigueur. Nous nous engageons \u00e0 fournir des installations qui r\u00e9sistent \u00e0 l&rsquo;\u00e9preuve du temps.<\/p>\n\n\n\n<h2 class=\"wp-block-heading\">Respect de l&rsquo;Environnement<\/h2>\n\n\n\n<p class=\"has-white-color has-black-background-color has-text-color has-background has-link-color wp-elements-a31359f11fb2719847fde68bd6ccaece\">Nous comprenons l&rsquo;importance de minimiser l&rsquo;impact environnemental de nos activit\u00e9s. Notre approche de pose d&rsquo;assainissement int\u00e8gre des pratiques respectueuses de l&rsquo;environnement pour contribuer \u00e0 la pr\u00e9servation des \u00e9cosyst\u00e8mes locaux.<\/p>\n\n\n\n<h2 class=\"wp-block-heading\">Contactez-nous<\/h2>\n\n\n\n<p>Faites confiance \u00e0 <strong><a href=\"https:\/\/lipskitravauxdubatiment.fr\" title=\"Lipski Travaux du B\u00e2timent\">Lipski Travaux du B\u00e2timent<\/a><\/strong> pour des solutions de pose d&rsquo;assainissement fiables et durables. Contactez-nous d\u00e8s aujourd&rsquo;hui pour discuter de vos projets sp\u00e9cifiques et d\u00e9couvrir comment nous pouvons contribuer \u00e0 la r\u00e9ussite de vos installations d&rsquo;assainissement.<\/p>\n\n\n\n<div class=\"wp-block-uagb-social-share uagb-social-share__outer-wrap uagb-social-share__layout-horizontal uagb-block-5dec7d08\">\n<div class=\"wp-block-uagb-social-share-child uagb-ss-repeater uagb-ss__wrapper uagb-block-92919d54\"><span class=\"uagb-ss__link\" data-href=\"https:\/\/www.facebook.com\/sharer.php?u=\" tabindex=\"0\" role=\"button\" aria-label=\"facebook\"><span class=\"uagb-ss__source-wrap\"><span class=\"uagb-ss__source-icon\"><svg xmlns=\"https:\/\/www.w3.org\/2000\/svg\" viewBox=\"0 0 512 512\"><path d=\"M504 256C504 119 393 8 256 8S8 119 8 256c0 123.8 90.69 226.4 209.3 245V327.7h-63V256h63v-54.64c0-62.15 37-96.48 93.67-96.48 27.14 0 55.52 4.84 55.52 4.84v61h-31.28c-30.8 0-40.41 19.12-40.41 38.73V256h68.78l-11 71.69h-57.78V501C413.3 482.4 504 379.8 504 256z\"><\/path><\/svg><\/span><\/span><\/span><\/div>\n\n\n\n<div class=\"wp-block-uagb-social-share-child uagb-ss-repeater uagb-ss__wrapper uagb-block-3fa78626\"><span class=\"uagb-ss__link\" data-href=\"https:\/\/twitter.com\/share?url=\" tabindex=\"0\" role=\"button\" aria-label=\"twitter\"><span class=\"uagb-ss__source-wrap\"><span class=\"uagb-ss__source-icon\"><svg xmlns=\"https:\/\/www.w3.org\/2000\/svg\" viewBox=\"0 0 448 512\"><path d=\"M400 32H48C21.5 32 0 53.5 0 80v352c0 26.5 21.5 48 48 48h352c26.5 0 48-21.5 48-48V80c0-26.5-21.5-48-48-48zm-48.9 158.8c.2 2.8 .2 5.7 .2 8.5 0 86.7-66 186.6-186.6 186.6-37.2 0-71.7-10.8-100.7-29.4 5.3 .6 10.4 .8 15.8 .8 30.7 0 58.9-10.4 81.4-28-28.8-.6-53-19.5-61.3-45.5 10.1 1.5 19.2 1.5 29.6-1.2-30-6.1-52.5-32.5-52.5-64.4v-.8c8.7 4.9 18.9 7.9 29.6 8.3a65.45 65.45 0 0 1 -29.2-54.6c0-12.2 3.2-23.4 8.9-33.1 32.3 39.8 80.8 65.8 135.2 68.6-9.3-44.5 24-80.6 64-80.6 18.9 0 35.9 7.9 47.9 20.7 14.8-2.8 29-8.3 41.6-15.8-4.9 15.2-15.2 28-28.8 36.1 13.2-1.4 26-5.1 37.8-10.2-8.9 13.1-20.1 24.7-32.9 34z\"><\/path><\/svg><\/span><\/span><\/span><\/div>\n\n\n\n<div class=\"wp-block-uagb-social-share-child uagb-ss-repeater uagb-ss__wrapper uagb-block-4d925eb5\"><span class=\"uagb-ss__link\" data-href=\"https:\/\/pinterest.com\/pin\/create\/link\/?url=\" tabindex=\"0\" role=\"button\" aria-label=\"pinterest\"><span class=\"uagb-ss__source-wrap\"><span class=\"uagb-ss__source-icon\"><svg xmlns=\"https:\/\/www.w3.org\/2000\/svg\" viewBox=\"0 0 448 512\"><path d=\"M448 80v352c0 26.5-21.5 48-48 48H154.4c9.8-16.4 22.4-40 27.4-59.3 3-11.5 15.3-58.4 15.3-58.4 8 15.3 31.4 28.2 56.3 28.2 74.1 0 127.4-68.1 127.4-152.7 0-81.1-66.2-141.8-151.4-141.8-106 0-162.2 71.1-162.2 148.6 0 36 19.2 80.8 49.8 95.1 4.7 2.2 7.1 1.2 8.2-3.3 .8-3.4 5-20.1 6.8-27.8 .6-2.5 .3-4.6-1.7-7-10.1-12.3-18.3-34.9-18.3-56 0-54.2 41-106.6 110.9-106.6 60.3 0 102.6 41.1 102.6 99.9 0 66.4-33.5 112.4-77.2 112.4-24.1 0-42.1-19.9-36.4-44.4 6.9-29.2 20.3-60.7 20.3-81.8 0-53-75.5-45.7-75.5 25 0 21.7 7.3 36.5 7.3 36.5-31.4 132.8-36.1 134.5-29.6 192.6l2.2 .8H48c-26.5 0-48-21.5-48-48V80c0-26.5 21.5-48 48-48h352c26.5 0 48 21.5 48 48z\"><\/path><\/svg><\/span><\/span><\/span><\/div>\n\n\n\n<div class=\"wp-block-uagb-social-share-child uagb-ss-repeater uagb-ss__wrapper uagb-block-4bf1678b\"><span class=\"uagb-ss__link\" data-href=\"https:\/\/www.linkedin.com\/shareArticle?url=\" tabindex=\"0\" role=\"button\" aria-label=\"linkedin\"><span class=\"uagb-ss__source-wrap\"><span class=\"uagb-ss__source-icon\"><svg xmlns=\"https:\/\/www.w3.org\/2000\/svg\" viewBox=\"0 0 448 512\"><path d=\"M416 32H31.9C14.3 32 0 46.5 0 64.3v383.4C0 465.5 14.3 480 31.9 480H416c17.6 0 32-14.5 32-32.3V64.3c0-17.8-14.4-32.3-32-32.3zM135.4 416H69V202.2h66.5V416zm-33.2-243c-21.3 0-38.5-17.3-38.5-38.5S80.9 96 102.2 96c21.2 0 38.5 17.3 38.5 38.5 0 21.3-17.2 38.5-38.5 38.5zm282.1 243h-66.4V312c0-24.8-.5-56.7-34.5-56.7-34.6 0-39.9 27-39.9 54.9V416h-66.4V202.2h63.7v29.2h.9c8.9-16.8 30.6-34.5 62.9-34.5 67.2 0 79.7 44.3 79.7 101.9V416z\"><\/path><\/svg><\/span><\/span><\/span><\/div>\n<\/div>\n","protected":false},"excerpt":{"rendered":"<p>Introduction Bienvenue dans notre section d\u00e9di\u00e9e \u00e0 la pose d&rsquo;assainissement et la cr\u00e9ation d&rsquo;infrastructures d&rsquo;assainissement solides et efficaces. Chez Lipski Travaux du B\u00e2timent, notre engagement est d&rsquo;offrir des solutions de&hellip;<\/p>\n","protected":false},"author":1,"featured_media":242,"parent":0,"menu_order":0,"comment_status":"closed","ping_status":"closed","template":"","meta":{"om_disable_all_campaigns":false,"_uag_custom_page_level_css":"","_monsterinsights_skip_tracking":false,"_monsterinsights_sitenote_active":false,"_monsterinsights_sitenote_note":"","_monsterinsights_sitenote_category":0,"footnotes":""},"class_list":["post-928","page","type-page","status-publish","has-post-thumbnail","hentry"],"aioseo_notices":[],"uagb_featured_image_src":{"full":["https:\/\/i0.wp.com\/lipskitravauxdubatiment.fr\/wp-content\/uploads\/2024\/01\/WhatsApp-Image-2023-11-18-a-20.18.13_d661c8be-1.jpg?fit=1024%2C768&ssl=1",1024,768,false],"thumbnail":["https:\/\/i0.wp.com\/lipskitravauxdubatiment.fr\/wp-content\/uploads\/2024\/01\/WhatsApp-Image-2023-11-18-a-20.18.13_d661c8be-1.jpg?resize=150%2C150&ssl=1",150,150,true],"medium":["https:\/\/i0.wp.com\/lipskitravauxdubatiment.fr\/wp-content\/uploads\/2024\/01\/WhatsApp-Image-2023-11-18-a-20.18.13_d661c8be-1.jpg?fit=300%2C225&ssl=1",300,225,true],"medium_large":["https:\/\/i0.wp.com\/lipskitravauxdubatiment.fr\/wp-content\/uploads\/2024\/01\/WhatsApp-Image-2023-11-18-a-20.18.13_d661c8be-1.jpg?fit=768%2C576&ssl=1",768,576,true],"large":["https:\/\/i0.wp.com\/lipskitravauxdubatiment.fr\/wp-content\/uploads\/2024\/01\/WhatsApp-Image-2023-11-18-a-20.18.13_d661c8be-1.jpg?fit=1024%2C768&ssl=1",1024,768,true],"1536x1536":["https:\/\/i0.wp.com\/lipskitravauxdubatiment.fr\/wp-content\/uploads\/2024\/01\/WhatsApp-Image-2023-11-18-a-20.18.13_d661c8be-1.jpg?fit=1024%2C768&ssl=1",1024,768,true],"2048x2048":["https:\/\/i0.wp.com\/lipskitravauxdubatiment.fr\/wp-content\/uploads\/2024\/01\/WhatsApp-Image-2023-11-18-a-20.18.13_d661c8be-1.jpg?fit=1024%2C768&ssl=1",1024,768,true]},"uagb_author_info":{"display_name":"admin","author_link":"https:\/\/lipskitravauxdubatiment.fr\/?author=1"},"uagb_comment_info":0,"uagb_excerpt":"Introduction Bienvenue dans notre section d\u00e9di\u00e9e \u00e0 la pose d&rsquo;assainissement et la cr\u00e9ation d&rsquo;infrastructures d&rsquo;assainissement solides et efficaces. Chez Lipski Travaux du B\u00e2timent, notre engagement est d&rsquo;offrir des solutions de&hellip;","jetpack_sharing_enabled":true,"jetpack_likes_enabled":false,"_links":{"self":[{"href":"https:\/\/lipskitravauxdubatiment.fr\/index.php?rest_route=\/wp\/v2\/pages\/928","targetHints":{"allow":["GET"]}}],"collection":[{"href":"https:\/\/lipskitravauxdubatiment.fr\/index.php?rest_route=\/wp\/v2\/pages"}],"about":[{"href":"https:\/\/lipskitravauxdubatiment.fr\/index.php?rest_route=\/wp\/v2\/types\/page"}],"author":[{"embeddable":true,"href":"https:\/\/lipskitravauxdubatiment.fr\/index.php?rest_route=\/wp\/v2\/users\/1"}],"replies":[{"embeddable":true,"href":"https:\/\/lipskitravauxdubatiment.fr\/index.php?rest_route=%2Fwp%2Fv2%2Fcomments&post=928"}],"version-history":[{"count":9,"href":"https:\/\/lipskitravauxdubatiment.fr\/index.php?rest_route=\/wp\/v2\/pages\/928\/revisions"}],"predecessor-version":[{"id":1103,"href":"https:\/\/lipskitravauxdubatiment.fr\/index.php?rest_route=\/wp\/v2\/pages\/928\/revisions\/1103"}],"wp:featuredmedia":[{"embeddable":true,"href":"https:\/\/lipskitravauxdubatiment.fr\/index.php?rest_route=\/wp\/v2\/media\/242"}],"wp:attachment":[{"href":"https:\/\/lipskitravauxdubatiment.fr\/index.php?rest_route=%2Fwp%2Fv2%2Fmedia&parent=928"}],"curies":[{"name":"wp","href":"https:\/\/api.w.org\/{rel}","templated":true}]}}