{"id":3,"date":"2022-09-28T04:05:54","date_gmt":"2022-09-28T04:05:54","guid":{"rendered":"https:\/\/lipskitravauxdubatiment.fr\/?page_id=3"},"modified":"2024-01-07T08:29:33","modified_gmt":"2024-01-07T08:29:33","slug":"cgu","status":"publish","type":"page","link":"https:\/\/lipskitravauxdubatiment.fr\/?page_id=3","title":{"rendered":"Conditions G\u00e9n\u00e9rales d&rsquo;Utilisation"},"content":{"rendered":"\n<p><strong>Pr\u00e9sentation du site lipskitravauxdubatiment.fr<\/strong><\/p>\n\n\n\n<p>Le site <strong>lipskitravauxdubatiment.fr<\/strong> est la propri\u00e9t\u00e9 de :<\/p>\n\n\n\n<p>LIPSKI Franck &#8211; (E.I.)<\/p>\n\n\n\n<p> 50 rue du Mar\u00e9chal Ferrand, 24640 Sainte-Eulalie D&rsquo;Ans:<\/p>\n\n\n\n<p>Siret: 510 382 922 00035 R.C.S P\u00e9rigueux<\/p>\n\n\n\n<p>Responsable d&rsquo;\u00e9dition :<\/p>\n\n\n\n<p>La conception graphique et le d\u00e9veloppement informatique ont \u00e9t\u00e9 r\u00e9alis\u00e9s par Lipski Travaux du B\u00e2timent (L.T.B)<\/p>\n\n\n\n<p>L&rsquo;h\u00e9bergement et la maintenance sont assur\u00e9s par la soci\u00e9t\u00e9 :<\/p>\n\n\n\n<p>IONOS&nbsp;SARL<br>7, place de la Gare &#8211; BP 70109<br>57201 SARREGUEMINES<\/p>\n\n\n\n<p><strong>Confidentialit\u00e9 &#8211; Donn\u00e9es personnelles<\/strong><\/p>\n\n\n\n<p>Toutes les donn\u00e9es personnelles recueillies sur le site sont trait\u00e9es avec la plus stricte confidentialit\u00e9. Nous vous rappelons que vous disposez d&rsquo;un droit d&rsquo;acc\u00e8s, de modification, de rectification et de suppression des donn\u00e9es qui vous concernent (art.34 de la loi \u00ab Informatique et Libert\u00e9s \u00bb du 6 janvier 1978).<\/p>\n\n\n\n<p>Pour exercer ce droit, adressez-vous \u00e0 :<br>LIPSKI Travaux du B\u00e2timent (L.T.B) <strong><br><\/strong>50, rue du Mar\u00e9chal Ferrand<br>24640 Ste. Eulalie D&rsquo;Ans <\/p>\n\n\n\n<p><\/p>\n\n\n\n<p><strong>Responsabilit\u00e9<\/strong><\/p>\n\n\n\n<p>l<strong>ipskitravauxdubatiment.fr<\/strong> n&rsquo;a qu&rsquo;une obligation de moyens pour toutes les \u00e9tapes et fonctionnalit\u00e9s du site. La responsabilit\u00e9 de <strong>lipskitravauxdubatiment.fr<\/strong>  ne saurait \u00eatre engag\u00e9e pour tous les inconv\u00e9nients ou dommages inh\u00e9rents \u00e0 l&rsquo;utilisation du r\u00e9seau Internet, notamment une rupture du service, une intrusion ext\u00e9rieure ou la pr\u00e9sence de virus informatiques, ou de tout fait qualifi\u00e9 de force majeure, conform\u00e9ment \u00e0 la jurisprudence.<strong><br><\/strong><\/p>\n\n\n\n<p><strong>Propri\u00e9t\u00e9 intellectuelle<\/strong><\/p>\n\n\n\n<p>Tous les \u00e9l\u00e9ments du site <strong>lipskitravauxdubatiment.fr<\/strong>, y compris les documents t\u00e9l\u00e9chargeables, sont prot\u00e9g\u00e9s par le droit d&rsquo;auteur, des marques ou des brevets. Ils sont la propri\u00e9t\u00e9 exclusive de <strong>Lipski Travaux du B\u00e2timent (L.T.B)<\/strong>. En cons\u00e9quence, vous ne pouvez en aucun cas et d&rsquo;aucune mani\u00e8re, reproduire, repr\u00e9senter, diffuser, modifier, conc\u00e9der tout ou partie de l&rsquo;un quelconque des \u00e9l\u00e9ments reproduits sur le site et tout ou partie du site sans l&rsquo;accord pr\u00e9alable et express de la soci\u00e9t\u00e9 <strong>Lipski Travaux du B\u00e2timent (L.T.B).<\/strong><\/p>\n\n\n\n<p><strong><br>Dur\u00e9e<\/strong><\/p>\n\n\n\n<p>Les pr\u00e9sentes conditions s&rsquo;appliquent pendant toute la dur\u00e9e de mise en ligne des services offerts sur le site l<strong>ipskitravauxdubatiment.fr<\/strong>.<\/p>\n\n\n\n<p><strong><br>Loi applicable et comp\u00e9tence<\/strong><\/p>\n\n\n\n<p>Les pr\u00e9sentes conditions sont soumises \u00e0 la loi fran\u00e7aise. L&rsquo;attribution de comp\u00e9tence en cas de litige, et \u00e0 d\u00e9faut d&rsquo;accord amiable entre les parties, est donn\u00e9e aux tribunaux fran\u00e7ais comp\u00e9tents.<\/p>\n\n\n\n<p>Cr\u00e9dits photographiques : <strong>Lipski Travaux du B\u00e2timent (L.TB)<\/strong> et ayants droits<\/p>\n\n\n\n<p><strong>Recommandations CNIL<\/strong><\/p>\n\n\n\n<p><strong>I &#8211; Qu&rsquo;est ce qu&rsquo;un cookie<\/strong><\/p>\n\n\n\n<p>Un cookies est un fichier texte sauvegard\u00e9 sur votre ordinateur ou votre appareil mobile puis r\u00e9cup\u00e9r\u00e9 lors de vos visites ult\u00e9rieures.<\/p>\n\n\n\n<p><strong>II &#8211; Les obligations l\u00e9gales<\/strong><\/p>\n\n\n\n<p>L&rsquo;internaute qui se rend sur le site \u00e9diteur se doit d&rsquo; \u00eatre inform\u00e9 de la finalit\u00e9s des cookies, l&rsquo; \u00e9diteur doit obtenir son consentement et doit fournir aux internautes un moyen de les refuser. La dur\u00e9e de validit\u00e9 de ce consentement est de 13 mois. L&rsquo; obligation du recueil du consentement s&rsquo;impose aux responsables des sites internet, aux \u00e9diteurs d&rsquo;applications, aux r\u00e9gies publicitaires, aux \u00e9diteurs de solutions de mesures d&rsquo;audience ainsi qu&rsquo;aux r\u00e9seaux sociaux. Certains cookies n\u00e9cessitent une information pr\u00e9alable et une demande de consentement au pr\u00eat des internautes, tels que les cookies li\u00e9s aux op\u00e9rations relatives \u00e0 la publicit\u00e9 et les cookies de mesures d&rsquo;audience.<\/p>\n\n\n\n<p><strong>III &#8211; L&rsquo;affichage d&rsquo;un bandeau d&rsquo;information<\/strong><\/p>\n\n\n\n<p>Ce bandeau informe les internautes sur les finalit\u00e9s pr\u00e9cises des cookies utilis\u00e9s, la possibilit\u00e9 de s&rsquo;opposer \u00e0 ces cookies et de changer les param\u00e8tres en mettant un lien pr\u00e9sent sur le bandeau. Le lien \u00aben savoir plus\u00bb permet \u00e0 l&rsquo;utilisateur de param\u00e9trer les cookies, les accepter ou les refuser. Ce lien doit informer de mani\u00e8re claire et concise l&rsquo;usager ce qu&rsquo;est un cookie.<\/p>\n\n\n\n<p><strong>IV &#8211; Les solutions Webanalytics<\/strong><\/p>\n\n\n\n<p>Piwik et Google Analytics sont des outils de mesures d&rsquo;audience qui permettent d&rsquo;obtenir des informations sur la navigation des visiteurs. Ce sont des outils dispens\u00e9s de consentement mais devant respecter certaines normes. Le m\u00e9canisme d&rsquo;opposition aux cookies doit \u00eatre accessible simplement, les cookies d\u00e9pos\u00e9s servent uniquement a la production de statistiques anonymes, les cookies ne doivent pas permettre de suivre la navigation de l&rsquo;internaute sur d&rsquo;autres sites, les cookies permettant la tra\u00e7abilit\u00e9 des internautes et les adresse IP ne doivent pas \u00eatre conserv\u00e9s au-del\u00e0 de 13 mois \u00e0 compter de la dernier visite.<\/p>\n\n\n\n<p><strong>V &#8211; Les boutons sociaux<\/strong><\/p>\n\n\n\n<p>Share Privacy est un outil qui permet d&rsquo;int\u00e9grer les boutons des principales plates-formes sociales sans envoyer de cookies avant d&rsquo;obtenir un consentement pr\u00e9alable de l&rsquo;utilisateur. Les boutons sociaux sont des plug-ins sociaux qui permettent aux concepteurs de site d&rsquo;ajouter facilement \u00e0 leurs pages web des fonctionnalit\u00e9s permettant de faciliter le partage du contenu de leurs sites sur les diff\u00e9rentes plates-formes sociales. Ce sont des outils qui n\u00e9cessitent un consentement pr\u00e9alable de l&rsquo;internaute.<\/p>\n\n\n\n<p><strong>Collecte des donn\u00e9es personnelles (RGPD)<\/strong><\/p>\n\n\n\n<p><a rel=\"noreferrer noopener\" href=\"https:\/\/lipskitravauxdubatiment.fr\" data-type=\"URL\" data-id=\"https:\/\/lipskitravauxdubatiment.fr\" target=\"_blank\">www.lipskitravauxdubatiment.fr<\/a>&nbsp;attache une grande importance \u00e0 la protection de vos donn\u00e9es personnelles. Afin de suivre cette \u00e9thique, nous vous proposons de prendre connaissance de notre charte qui compl\u00e8te les conditions d&rsquo;utilisation actuelle du Site ainsi que nos mentions l\u00e9gales. Si vous \u00eates en d\u00e9saccord avec ces termes, vous \u00eates libre de ne pas naviguer sur&nbsp;<a rel=\"noreferrer noopener\" href=\"https:\/\/lipskitravauxdubatiment.fr\" data-type=\"URL\" data-id=\"https:\/\/lipskitravauxdubatiment.fr\" target=\"_blank\">www.lipskitravauxdubatiment.fr<\/a>&nbsp;et de ne nous fournir aucune donn\u00e9e personnelle.<\/p>\n\n\n\n<p><strong>&#8211; A quoi la pr\u00e9sente politique de confidentialit\u00e9 et de protection des donn\u00e9es personnelles s&rsquo;applique-t-elle ?<\/strong>&nbsp;<\/p>\n\n\n\n<p>La pr\u00e9sente politique de protection des donn\u00e9es personnelles s&rsquo;applique \u00e0 l&rsquo;ensemble du site internet, des applications et supports digitaux, ainsi qu&rsquo;\u00e0 toute autre initiative en ligne type jeux-concours ou tirages au sort appartenant \u00e0 la marque <strong>Lipski Travaux du B\u00e2timent (L.T.B)<\/strong> et proc\u00e9dant \u00e0 la collecte de donn\u00e9es personnelles. La pr\u00e9sente politique ne s&rsquo;applique aucunement aux sites internet de tiers utilisant notre nom de marque \u00e0 des fins de promotion, y compris \u00e0 ceux \u00e9ventuellement mentionn\u00e9s sur nos Supports par l&rsquo;interm\u00e9diaire d&rsquo;un lien internet comme peuvent l&rsquo;\u00eatre des sites \u00ab\u00a0Partenaires\u00a0\u00bb.<\/p>\n\n\n\n<p><strong>&#8211; Quelles sont les donn\u00e9es collect\u00e9es ?<\/strong><\/p>\n\n\n\n<p>Avec votre consentement pr\u00e9alable, lorsque vous utilisez notre Supports nous sommes susceptibles de collecter et de traiter tout ou partie des donn\u00e9es suivantes :<br>&nbsp; &nbsp; &gt; Pr\u00e9nom et nom de famille ;<br>&nbsp; &nbsp; &gt; Adresse de courrier \u00e9lectronique ;<br>&nbsp; &nbsp; &gt; T\u00e9l\u00e9phone ;<br>&nbsp; &nbsp; &gt; D\u00e9partement ;<br>&nbsp; &nbsp; &gt; Toute demande particuli\u00e8re que vous pourriez nous adresser (principalement pour des besoins d&rsquo;archivage) de type expertise et estimation.<\/p>\n\n\n\n<p><strong>&#8211; Collectons-nous votre adresse IP et vos t\u00e9moins de connexion (cookies) ?<\/strong><\/p>\n\n\n\n<p>Vous pouvez configurer votre navigateur et\/ou votre terminal afin d&rsquo;accepter ou refuser les cookies. Nous tenons par ailleurs \u00e0 vous rappeler que le param\u00e9trage de l&rsquo;utilisation des cookies peut limiter votre acc\u00e8s \u00e0 certains services ou fonctionnalit\u00e9s du Site. Vous pouvez, selon vos habitudes de navigation, soit enregistrer tous les cookies \u00e9mis sur notre site Internet, soit les refuser syst\u00e9matiquement, ou encore d\u00e9cider au cas par cas. Vous trouverez des informations sur le param\u00e9trage des principaux navigateurs en vous rendant sur leurs pages d&rsquo;aide ou sur leurs menus situ\u00e9s g\u00e9n\u00e9ralement en haut \u00e0 gauche de votre \u00e9cran.<\/p>\n\n\n\n<p><strong>&#8211; Comment utilisons-nous ces donn\u00e9es ?<\/strong><\/p>\n\n\n\n<p>Nous utilisons principalement vos donn\u00e9es personnelles dans le cadre de nos r\u00e9ponses \u00e0 vos demandes de contact, expertise et d&rsquo;estimation ou pour vous envoyer quelques fois, nos actualit\u00e9s et des nouvelles sur nos services, nos op\u00e9rations et nos offres susceptibles de susciter votre int\u00e9r\u00eat.<br>Nous utilisons \u00e9galement vos donn\u00e9es pour am\u00e9liorer votre exp\u00e9rience digitale sur nos sites et contenus digitaux : comprendre l&rsquo;int\u00e9r\u00eat que vous portez \u00e0 leur contenu, g\u00e9rer votre compte en ligne, faire en sorte que nos sites et supports digitaux soient pr\u00e9sent\u00e9s de la mani\u00e8re qui soit la plus adapt\u00e9e \u00e0 vous et \u00e0 votre mat\u00e9riel num\u00e9rique.<\/p>\n\n\n\n<p><strong>&#8211; Comment pouvez-vous acc\u00e9der \u00e0 vos donn\u00e9es personnelles&nbsp;?<\/strong><\/p>\n\n\n\n<p>Vous avez toujours la possibilit\u00e9 de nous contacter par courrier postal, par courrier \u00e9lectronique ou par t\u00e9l\u00e9phone pour consulter les donn\u00e9es personnelles vous concernant qui sont en notre possession. Pour cela, une adresse : <strong>Lipski Travaux du B\u00e2timent (L.T.B)<\/strong>  50, rue du Mar\u00e9chal Ferrand, 24640 Sainte Eulalie D&rsquo;Ans ou adressez nous un email.<br>Tous les renseignements recueillis par <strong>Lipski Travaux du B\u00e2timent (L.T.B)<\/strong> sont prot\u00e9g\u00e9s en vertu de Loi n\u00b078-17 du 6 janvier 1978 relative \u00e0 l&rsquo;informatique, aux fichiers et aux libert\u00e9s. Conform\u00e9ment aux dispositions applicables, vous b\u00e9n\u00e9ficiez d&rsquo;un droit d&rsquo;acc\u00e8s, d&rsquo;opposition, de rectification et de suppression des donn\u00e9es qui vous concernent. Vous pouvez exercer ce droit \u00e0 tout moment en adressant par exemple un courrier \u00e9lectronique, accompagn\u00e9 d&rsquo;une photocopie d&rsquo;une pi\u00e8ce d&rsquo;identit\u00e9, \u00e0 l&rsquo;adresse suivante : contact@activ-travaux.com<\/p>\n\n\n\n<p><strong>&#8211; Partageons-nous vos donn\u00e9es personnelles ?<\/strong><\/p>\n\n\n\n<p>Nous ne communiquons <strong>JAMAIS<\/strong> vos donn\u00e9es personnelles \u00e0 d&rsquo;autres entreprises commerciales \u00e0 moins que nous n&rsquo;ayons pr\u00e9alablement obtenu votre consentement. <\/p>\n\n\n\n<p><strong>&#8211; Ou stockons-nous vos donn\u00e9es personnelles ?<\/strong><\/p>\n\n\n\n<p>Vos donn\u00e9es personnelles sont stock\u00e9es soit dans nos bases de donn\u00e9es sur serveurs en interne, soit dans ceux de nos prestataires de services.<\/p>\n\n\n\n<p><strong>&#8211; Vos donn\u00e9es personnelles sont-elles conserv\u00e9es en s\u00e9curit\u00e9&nbsp;?<\/strong><\/p>\n\n\n\n<p>Nous attachons une grande importance \u00e0 la s\u00e9curisation des donn\u00e9es. Nous avons pour objectif de toujours conserver vos donn\u00e9es personnelles de la mani\u00e8re la plus s\u00fbre et la plus s\u00e9curis\u00e9e, et uniquement pendant la dur\u00e9e n\u00e9cessaire \u00e0 la r\u00e9alisation de la finalit\u00e9 poursuivie par le traitement. Dans cette perspective, nous prenons les mesures physiques et techniques appropri\u00e9es pour emp\u00eacher leur alt\u00e9ration ou leur perte mais surtout tout acc\u00e8s non autoris\u00e9 \u00e0 celles-ci.<\/p>\n","protected":false},"excerpt":{"rendered":"<p>Pr\u00e9sentation du site lipskitravauxdubatiment.fr Le site lipskitravauxdubatiment.fr est la propri\u00e9t\u00e9 de : LIPSKI Franck &#8211; (E.I.) 50 rue du Mar\u00e9chal Ferrand, 24640 Sainte-Eulalie D&rsquo;Ans: Siret: 510 382 922 00035 R.C.S&hellip;<\/p>\n","protected":false},"author":1,"featured_media":0,"parent":0,"menu_order":0,"comment_status":"closed","ping_status":"closed","template":"elementor_header_footer","meta":{"om_disable_all_campaigns":false,"_uag_custom_page_level_css":"","_monsterinsights_skip_tracking":false,"_monsterinsights_sitenote_active":false,"_monsterinsights_sitenote_note":"","_monsterinsights_sitenote_category":0,"footnotes":""},"class_list":["post-3","page","type-page","status-publish","hentry"],"aioseo_notices":[],"uagb_featured_image_src":{"full":false,"thumbnail":false,"medium":false,"medium_large":false,"large":false,"1536x1536":false,"2048x2048":false},"uagb_author_info":{"display_name":"admin","author_link":"https:\/\/lipskitravauxdubatiment.fr\/?author=1"},"uagb_comment_info":0,"uagb_excerpt":"Pr\u00e9sentation du site lipskitravauxdubatiment.fr Le site lipskitravauxdubatiment.fr est la propri\u00e9t\u00e9 de : LIPSKI Franck &#8211; (E.I.) 50 rue du Mar\u00e9chal Ferrand, 24640 Sainte-Eulalie D&rsquo;Ans: Siret: 510 382 922 00035 R.C.S&hellip;","jetpack_sharing_enabled":true,"jetpack_likes_enabled":false,"_links":{"self":[{"href":"https:\/\/lipskitravauxdubatiment.fr\/index.php?rest_route=\/wp\/v2\/pages\/3","targetHints":{"allow":["GET"]}}],"collection":[{"href":"https:\/\/lipskitravauxdubatiment.fr\/index.php?rest_route=\/wp\/v2\/pages"}],"about":[{"href":"https:\/\/lipskitravauxdubatiment.fr\/index.php?rest_route=\/wp\/v2\/types\/page"}],"author":[{"embeddable":true,"href":"https:\/\/lipskitravauxdubatiment.fr\/index.php?rest_route=\/wp\/v2\/users\/1"}],"replies":[{"embeddable":true,"href":"https:\/\/lipskitravauxdubatiment.fr\/index.php?rest_route=%2Fwp%2Fv2%2Fcomments&post=3"}],"version-history":[{"count":4,"href":"https:\/\/lipskitravauxdubatiment.fr\/index.php?rest_route=\/wp\/v2\/pages\/3\/revisions"}],"predecessor-version":[{"id":181,"href":"https:\/\/lipskitravauxdubatiment.fr\/index.php?rest_route=\/wp\/v2\/pages\/3\/revisions\/181"}],"wp:attachment":[{"href":"https:\/\/lipskitravauxdubatiment.fr\/index.php?rest_route=%2Fwp%2Fv2%2Fmedia&parent=3"}],"curies":[{"name":"wp","href":"https:\/\/api.w.org\/{rel}","templated":true}]}}